{"id":1224,"date":"2018-06-19T01:20:52","date_gmt":"2018-06-19T01:20:52","guid":{"rendered":"http:\/\/bioritmefestival.org\/voluntarios\/"},"modified":"2022-07-05T08:15:38","modified_gmt":"2022-07-05T08:15:38","slug":"voluntarios-2","status":"publish","type":"page","link":"https:\/\/bioritmefestival.org\/es\/voluntarios-2\/","title":{"rendered":"voluntarios"},"content":{"rendered":"<p>[et_pb_section fb_built=&#8221;1&#8243; fullwidth=&#8221;on&#8221; _builder_version=&#8221;3.22&#8243; background_color=&#8221;#0c2f51&#8243;][et_pb_fullwidth_image src=&#8221;https:\/\/bioritmefestival.org\/wp-content\/uploads\/2017\/12\/bioritme-voluntaris-header.jpg&#8221; module_class=&#8221;image-header&#8221; _builder_version=&#8221;3.0.91&#8243;][\/et_pb_fullwidth_image][\/et_pb_section][et_pb_section fb_built=&#8221;1&#8243; _builder_version=&#8221;3.22&#8243; background_color=&#8221;#0c2f51&#8243;][et_pb_row column_structure=&#8221;1_4,1_4,1_4,1_4&#8243; _builder_version=&#8221;3.25&#8243;][et_pb_column type=&#8221;1_4&#8243; _builder_version=&#8221;3.25&#8243; custom_padding=&#8221;|||&#8221; custom_padding__hover=&#8221;|||&#8221;][et_pb_image src=&#8221;https:\/\/bioritmefestival.org\/wp-content\/uploads\/2017\/10\/bioritme-logo-white-2019.png&#8221; align_tablet=&#8221;center&#8221; align_phone=&#8221;&#8221; align_last_edited=&#8221;on|desktop&#8221; module_class=&#8221;logo-white-head&#8221; _builder_version=&#8221;3.23&#8243; z_index_tablet=&#8221;500&#8243;][\/et_pb_image][\/et_pb_column][et_pb_column type=&#8221;1_4&#8243; _builder_version=&#8221;3.25&#8243; custom_padding=&#8221;|||&#8221; custom_padding__hover=&#8221;|||&#8221;][\/et_pb_column][et_pb_column type=&#8221;1_4&#8243; _builder_version=&#8221;3.25&#8243; custom_padding=&#8221;|||&#8221; custom_padding__hover=&#8221;|||&#8221;][\/et_pb_column][et_pb_column type=&#8221;1_4&#8243; _builder_version=&#8221;3.25&#8243; custom_padding=&#8221;|||&#8221; custom_padding__hover=&#8221;|||&#8221;][\/et_pb_column][\/et_pb_row][et_pb_row column_structure=&#8221;1_4,1_4,1_4,1_4&#8243; _builder_version=&#8221;3.25&#8243;][et_pb_column type=&#8221;1_4&#8243; _builder_version=&#8221;3.25&#8243; custom_padding=&#8221;|||&#8221; custom_padding__hover=&#8221;|||&#8221;][et_pb_image src=&#8221;https:\/\/bioritmefestival.org\/wp-content\/uploads\/2018\/06\/voluntarios-brush-es.png&#8221; align_tablet=&#8221;center&#8221; align_phone=&#8221;&#8221; align_last_edited=&#8221;on|desktop&#8221; module_id=&#8221;contacte-brush-voluntaris&#8221; _builder_version=&#8221;3.23&#8243; always_center_on_mobile=&#8221;on&#8221;][\/et_pb_image][\/et_pb_column][et_pb_column type=&#8221;1_4&#8243; _builder_version=&#8221;3.25&#8243; custom_padding=&#8221;|||&#8221; custom_padding__hover=&#8221;|||&#8221;][\/et_pb_column][et_pb_column type=&#8221;1_4&#8243; _builder_version=&#8221;3.25&#8243; custom_padding=&#8221;|||&#8221; custom_padding__hover=&#8221;|||&#8221;][\/et_pb_column][et_pb_column type=&#8221;1_4&#8243; _builder_version=&#8221;3.25&#8243; custom_padding=&#8221;|||&#8221; custom_padding__hover=&#8221;|||&#8221;][\/et_pb_column][\/et_pb_row][et_pb_row disabled_on=&#8221;off|off|off&#8221; _builder_version=&#8221;3.25&#8243;][et_pb_column type=&#8221;4_4&#8243; _builder_version=&#8221;3.25&#8243; custom_padding=&#8221;|||&#8221; custom_padding__hover=&#8221;|||&#8221;][et_pb_code disabled_on=&#8221;on|on|on&#8221; module_class=&#8221;voluntaris-txt-container&#8221; _builder_version=&#8221;4.9.7&#8243; custom_margin=&#8221;||50px|&#8221; z_index_tablet=&#8221;500&#8243; disabled=&#8221;on&#8221; locked=&#8221;off&#8221;]<pee class=\"voluntaris-txt-ttl\">VOLUNTARIADO MONTAJE BIORITME FESTIVAL 2022<\/pee><!-- [et_pb_line_break_holder] --><!-- [et_pb_line_break_holder] --><!-- [et_pb_line_break_holder] --><pee class=\"voluntaris-txt\"><span class=\"volutaris-txt-em\">Requisito imprescindible para ser voluntario\/a, ser mayor de edad (18 a\u00f1os) el d\u00eda antes de la celebraci\u00f3n del Festival el jueves 25 de agosto de 2022.<\/span><\/pee><!-- [et_pb_line_break_holder] --><!-- [et_pb_line_break_holder] --><!-- [et_pb_line_break_holder] --><pee class=\"voluntaris-txt\">EL VOLUNTARIADO SER\u00c1 DURANTE LOS 3 D\u00cdAS PREVIOS AL FESTIVAL PARA REALIZAR EL MONTAJE, 22, 23 Y 24 DE AGOSTO DE 2022.<\/pee><!-- [et_pb_line_break_holder] --><!-- [et_pb_line_break_holder] --><!-- [et_pb_line_break_holder] --><!-- [et_pb_line_break_holder] --><pee class=\"voluntaris-txt\"><span class=\"volutaris-txt-em\">Cualquier duda puedes enviar un mail a rrhh@bioritmefestival.org<\/span><\/pee>[\/et_pb_code][et_pb_code disabled_on=&#8221;off|off|off&#8221; module_class=&#8221;voluntaris-txt-container&#8221; _builder_version=&#8221;4.9.7&#8243; custom_margin=&#8221;||50px|&#8221; z_index_tablet=&#8221;500&#8243;]<pee class=\"voluntaris-txt-ttl\">VOLUNTARIADO DURANTE EL BIORITME FESTIVAL 2022<\/pee><!-- [et_pb_line_break_holder] --><!-- [et_pb_line_break_holder] --><!-- [et_pb_line_break_holder] --><pee class=\"voluntaris-txt\"><span class=\"volutaris-txt-em\">Requisito imprescindible para ser voluntario\/a, ser mayor de edad (18 a\u00f1os) el d\u00eda antes de la celebraci\u00f3n del Festival el jueves 25 de agosto de 2022.<\/span><\/pee><!-- [et_pb_line_break_holder] --><!-- [et_pb_line_break_holder] --><!-- [et_pb_line_break_holder] --><pee class=\"voluntaris-txt\">VOLUNTARIADO DURANTE LOS 4 D\u00cdAS DE FESTIVAL, 25, 26, 27 Y 28 DE AGOSTO DE 2022.<\/pee><!-- [et_pb_line_break_holder] --><!-- [et_pb_line_break_holder] --><!-- [et_pb_line_break_holder] --><!-- [et_pb_line_break_holder] --><pee class=\"voluntaris-txt\"><span class=\"volutaris-txt-em\">Cualquier duda puedes enviar un mail a rrhh@bioritmefestival.org<\/span><\/pee>[\/et_pb_code][et_pb_code disabled_on=&#8221;on|on|on&#8221; module_class=&#8221;voluntaris-txt-container&#8221; _builder_version=&#8221;3.21.1&#8243; custom_margin=&#8221;||50px|&#8221; z_index_tablet=&#8221;500&#8243; disabled=&#8221;on&#8221;]<pee class=\"voluntaris-txt-ttl\">EN 2022 ABRIREMOS LAS SOLICITUDES DE VOLUNTARIADO<\/pee><!-- [et_pb_line_break_holder] --><!-- [et_pb_line_break_holder] --><!-- [et_pb_line_break_holder] --><!-- [et_pb_line_break_holder] --><pee class=\"voluntaris-txt\"><span class=\"volutaris-txt-em\">Gracias por vuestro inter\u00e9s<\/span><\/pee>[\/et_pb_code][et_pb_code disabled_on=&#8221;off|off|off&#8221; _builder_version=&#8221;3.21.1&#8243; custom_margin=&#8221;||150px|&#8221; z_index_tablet=&#8221;500&#8243;]<div role=\"form\" class=\"wpcf7\" id=\"wpcf7-f2697-o1\" lang=\"es-ES\" dir=\"ltr\">\n<div class=\"screen-reader-response\"><p role=\"status\" aria-live=\"polite\" aria-atomic=\"true\"><\/p> <ul><\/ul><\/div>\n<form action=\"\/es\/wp-json\/wp\/v2\/pages\/1224\/#wpcf7-f2697-o1\" method=\"post\" class=\"wpcf7-form init\" enctype=\"multipart\/form-data\" novalidate=\"novalidate\" data-status=\"init\">\n<div style=\"display: none;\">\n<input type=\"hidden\" name=\"_wpcf7\" value=\"2697\" \/>\n<input type=\"hidden\" name=\"_wpcf7_version\" value=\"5.4.1\" \/>\n<input type=\"hidden\" name=\"_wpcf7_locale\" value=\"es_ES\" \/>\n<input type=\"hidden\" name=\"_wpcf7_unit_tag\" value=\"wpcf7-f2697-o1\" \/>\n<input type=\"hidden\" name=\"_wpcf7_container_post\" value=\"0\" \/>\n<input type=\"hidden\" name=\"_wpcf7_posted_data_hash\" value=\"\" \/>\n<\/div>\n<div class=\"form-100\">\n<label><span class=\"voluntaris-form-ttl\">Nombre*<\/span><br \/>\n    <span class=\"wpcf7-form-control-wrap your-name\"><input type=\"text\" name=\"your-name\" value=\"\" size=\"40\" class=\"wpcf7-form-control wpcf7-text wpcf7-validates-as-required\" aria-required=\"true\" aria-invalid=\"false\" placeholder=\"Nombre\" \/><\/span><\/label>\n<\/div>\n<div class=\"form-50-left\">\n<label><span class=\"voluntaris-form-ttl\">Primer apellido*<\/span><br \/>\n<span class=\"wpcf7-form-control-wrap primer-cognom\"><input type=\"text\" name=\"primer-cognom\" value=\"\" size=\"40\" class=\"wpcf7-form-control wpcf7-text wpcf7-validates-as-required voluntaris-form-50\" aria-required=\"true\" aria-invalid=\"false\" placeholder=\"Primer apellido\" \/><\/span><\/label>\n<\/div>\n<div class=\"form-50-right\">\n<span class=\"voluntaris-form-ttl\">Segundo apellido*<\/span><br \/>\n<span class=\"wpcf7-form-control-wrap segon-cognom\"><input type=\"text\" name=\"segon-cognom\" value=\"\" size=\"40\" class=\"wpcf7-form-control wpcf7-text wpcf7-validates-as-required voluntaris-form-50\" aria-required=\"true\" aria-invalid=\"false\" placeholder=\"Segundo apellido\" \/><\/span>\n<\/div>\n<div class=\"form-100\">\n<label><span class=\"voluntaris-form-ttl\">Nombre de equipo<\/span><br \/>\n<span class=\"wpcf7-form-control-wrap nombre-equipo\"><input type=\"text\" name=\"nombre-equipo\" value=\"\" size=\"40\" class=\"wpcf7-form-control wpcf7-text wpcf7-validates-as-required\" aria-required=\"true\" aria-invalid=\"false\" placeholder=\"\u00bfVienes con amigos? Escibe un nombre de equipo (el mismo para todos) para identificaros. Ej. Les Guerreres\" \/><\/span><\/label>\n<\/div>\n<div class=\"form-100\">\n<label><span class=\"voluntaris-form-ttl\">Talla de camiseta*<\/span><br \/>\n<span class=\"wpcf7-form-control-wrap talla-camiseta\"><select name=\"talla-camiseta\" class=\"wpcf7-form-control wpcf7-select wpcf7-validates-as-required\" id=\"talla-switch\" aria-required=\"true\" aria-invalid=\"false\"><option value=\"\">---<\/option><option value=\"XS\">XS<\/option><option value=\"S\">S<\/option><option value=\"M\">M<\/option><option value=\"L\">L<\/option><option value=\"XL\">XL<\/option><option value=\"XXL\">XXL<\/option><\/select><\/span><br \/>\n<\/label>\n<\/div>\n<div class=\"form-100\">\n<label><span class=\"voluntaris-form-ttl\">Email*<\/span><br \/>\n    <span class=\"wpcf7-form-control-wrap your-email\"><input type=\"email\" name=\"your-email\" value=\"\" size=\"40\" class=\"wpcf7-form-control wpcf7-text wpcf7-email wpcf7-validates-as-required wpcf7-validates-as-email\" aria-required=\"true\" aria-invalid=\"false\" placeholder=\"Email\" \/><\/span><\/label>\n<\/div>\n<div class=\"form-33-left\">\n<label><span class=\"voluntaris-form-ttl\">Tel\u00e9fono movil*<\/span><br \/>\n<span class=\"wpcf7-form-control-wrap telefon\"><input type=\"tel\" name=\"telefon\" value=\"\" size=\"40\" class=\"wpcf7-form-control wpcf7-text wpcf7-tel wpcf7-validates-as-required wpcf7-validates-as-tel\" aria-required=\"true\" aria-invalid=\"false\" placeholder=\"555 555 555\" \/><\/span><\/label>\n<\/div>\n<div class=\"form-33-middle\">\n<label><span class=\"voluntaris-form-ttl\">Dni*<\/span><br \/>\n<span class=\"wpcf7-form-control-wrap dni\"><input type=\"text\" name=\"dni\" value=\"\" size=\"40\" class=\"wpcf7-form-control wpcf7-text wpcf7-validates-as-required voluntaris-form-50\" aria-required=\"true\" aria-invalid=\"false\" placeholder=\"55555555Z\" \/><\/span><\/label>\n<\/div>\n<div class=\"form-33-right\">\n<label><span class=\"voluntaris-form-ttl\">Data de nacimiento*<\/span><br \/>\n<span class=\"wpcf7-form-control-wrap data-naixement\"><input type=\"date\" name=\"data-naixement\" value=\"\" class=\"wpcf7-form-control wpcf7-date wpcf7-validates-as-required wpcf7-validates-as-date\" max=\"2004-08-21\" aria-required=\"true\" aria-invalid=\"false\" \/><\/span><\/label>\n<\/div>\n<div class=\"form-100\" id=\"file-label\">\n<label><span class=\"voluntaris-form-ttl\">Sube aqu\u00ed tu curriculum* (formato de archivo PDF)<\/span><br \/>\n<span class=\"wpcf7-form-control-wrap curriculum-file\"><input type=\"file\" name=\"curriculum-file\" size=\"40\" class=\"wpcf7-form-control wpcf7-file wpcf7-validates-as-required select-file\" accept=\".jpg,.jpeg,.png,.gif,.pdf,.doc,.docx,.ppt,.pptx,.odt,.avi,.ogg,.m4a,.mov,.mp3,.mp4,.mpg,.wav,.wmv\" aria-required=\"true\" aria-invalid=\"false\" \/><\/span>\n<\/div>\n<p><a class=\"form-btn\" href=\"https:\/\/bioritmefestival.org\/descarga\/CONTRACTE VOLUNTARIAT BIORITME FESTIVAL 2022.docx (1).pdf\" target=\"_blank\" title=\"descargar\">Desc\u00e1rgate aqu\u00ed, lee y firma el contrato de voluntariado.<\/a><\/p>\n<div class=\"form-100\" id=\"file-label\">\n<label><span class=\"voluntaris-form-ttl\">Sube aqu\u00ed el contrato firmado* (formato del archivo PDF)<\/span><br \/>\n<span class=\"wpcf7-form-control-wrap contracte-file\"><input type=\"file\" name=\"contracte-file\" size=\"40\" class=\"wpcf7-form-control wpcf7-file wpcf7-validates-as-required select-file\" accept=\".jpg,.jpeg,.png,.gif,.pdf,.doc,.docx,.ppt,.pptx,.odt,.avi,.ogg,.m4a,.mov,.mp3,.mp4,.mpg,.wav,.wmv\" aria-required=\"true\" aria-invalid=\"false\" \/><\/span>\n<\/div>\n<p class=\"voluntaris-form-txt-label\">Ser\u00e1 imprescindible asistir a la reuni\u00f3n informativa y organizativa de voluntarios el d\u00eda previo a la celebraci\u00f3n del festival el mi\u00e9rcoles 24 de agosto de 2022 a las 15:00 en el recinto del festival bioritme (Passatge dels Esports, 30, 08570 Torell\u00f3, Barcelona). Acepto, condici\u00f3n imprescindible estar un d\u00eda antes en el festival por la reuni\u00f3n previa de voluntarios (Mi\u00e9rcoles, 24 de agosto a las 15:00).<\/p>\n<div class=\"form-100\">\n<span class=\"wpcf7-form-control-wrap acepto-check\"><span class=\"wpcf7-form-control wpcf7-acceptance\"><span class=\"wpcf7-list-item\"><label><input type=\"checkbox\" name=\"acepto-check\" value=\"1\" aria-invalid=\"false\" id=\"acept-check\" \/><span class=\"wpcf7-list-item-label\">Confirmo que he le\u00eddo el contrato y acepto las condiciones.<\/span><\/label><\/span><\/span><\/span>\n<\/div>\n<div class=\"form-100\">\n<span id=\"wpcf7-69f628b63533a-wrapper\" class=\"wpcf7-form-control-wrap text-wrap\" style=\"display:none !important; visibility:hidden !important;\"><label for=\"wpcf7-69f628b63533a-field\" class=\"hp-message\">Deja este campo en blanco, por favor.<\/label><input id=\"wpcf7-69f628b63533a-field\"  class=\"wpcf7-form-control wpcf7-text\" type=\"text\" name=\"text\" value=\"\" size=\"40\" tabindex=\"-1\" autocomplete=\"new-password\" \/><\/span><br \/>\n<input type=\"submit\" value=\"Enviar\" class=\"wpcf7-form-control wpcf7-submit\" \/>\n<\/div>\n<div class=\"wpcf7-response-output\" aria-hidden=\"true\"><\/div><\/form><\/div>[\/et_pb_code][\/et_pb_column][\/et_pb_row][\/et_pb_section][et_pb_section fb_built=&#8221;1&#8243; fullwidth=&#8221;on&#8221; _builder_version=&#8221;3.22&#8243; z_index_tablet=&#8221;500&#8243; custom_css_before=&#8221; display: block;|| position: absolute;|| content: &#8221;;|| right: 0;|| left: 0;|| z-index: 10;|| display: block;|| height: 90px;|| background-size: 39px 100%;|| top: -87px;|| background-image: -webkit-gradient(linear,0 0,300% 100%,color-stop(0.25,transparent),color-stop(0.25,#3498db));|| background-image: linear-gradient(315deg,#118f84 25%,transparent 25%),linear-gradient(45deg,#118f84 25%,transparent 25%);|| background-position: 50%;&#8221;][et_pb_fullwidth_code _builder_version=&#8221;4.9.7&#8243; background_color=&#8221;#118f84&#8243; z_index_tablet=&#8221;500&#8243;]<\/p>\n<div class=\"footer-container\"><!-- [et_pb_line_break_holder] --><!--------------- COLUMNA LEFT --------------------------------------><!-- [et_pb_line_break_holder] --><!-- [et_pb_line_break_holder] --><\/p>\n<div class=\"footer-col-left\"><!-- [et_pb_line_break_holder] --> <img loading=\"lazy\" decoding=\"async\" class=\"footer-logo-blue\" src=\"https:\/\/bioritmefestival.org\/wp-content\/uploads\/2019\/02\/bioritme-logo-blue-2019.png\" alt=\"logotipo del festival bioritme color azul\" width=\"247\" height=\"107\"><!-- [et_pb_line_break_holder] --><!-- [et_pb_line_break_holder] --><pee class=\"footer-slogan\"><span class=\"footer-slogan-txt\">vindr\u00e0s per la m\u00fasica, tornar\u00e0s pel lloc.<!-- [et_pb_line_break_holder] -->#bioritmefestival<\/span><\/pee><!-- [et_pb_line_break_holder] --><!-- [et_pb_line_break_holder] --><!-- [et_pb_line_break_holder] --><!-- [et_pb_line_break_holder] --><\/div>\n<p><!-- [et_pb_line_break_holder] --><!-- [et_pb_line_break_holder] --><!--------------- COLUMNA MIDDLE --------------------------------------><!-- [et_pb_line_break_holder] --><!-- [et_pb_line_break_holder] --><\/p>\n<div class=\"footer-col-middle\"><!-- [et_pb_line_break_holder] --><!-- [et_pb_line_break_holder] --><pee class=\"footer-ttl\">abonos<\/pee><!-- [et_pb_line_break_holder] --><!-- [et_pb_line_break_holder] --><!-- [et_pb_line_break_holder] --><pee class=\"footer-txt\">Ya disponibles para los 4 d\u00edas y 4 noches en el incre\u00edble entorno de Torell\u00f3, justo al lado del r\u00edo Ter. Con acampada incluida. El aforo es limitado y as\u00ed ser\u00e1 para ofrecer un Festival de calidad.<\/pee><!-- [et_pb_line_break_holder] --><!-- [et_pb_line_break_holder] --> <a class=\"footer-entrades-btn\" href=\"https:\/\/bioritmefestival.org\/es\/entradas\/\" alt=\"venta entradas\" title=\"entradas\">entradas<\/a><!-- [et_pb_line_break_holder] --><!-- [et_pb_line_break_holder] --><!-- [et_pb_line_break_holder] --><\/div>\n<p><!-- [et_pb_line_break_holder] --><!-- [et_pb_line_break_holder] --><!--------------- COLUMNA RIGHT --------------------------------------><!-- [et_pb_line_break_holder] --><!-- [et_pb_line_break_holder] --><\/p>\n<div class=\"footer-col-right\"><!-- [et_pb_line_break_holder] --><!-- [et_pb_line_break_holder] --><\/p>\n<ul class=\"footer-social-nav\"><!-- [et_pb_line_break_holder] --><!-- [et_pb_line_break_holder] --> \t<\/p>\n<li class=\"footer-social-icon\"><a class=\"footer-social-link\" href=\"https:\/\/www.facebook.com\/BioRitmeFestival\/\" target=\"_blank\" title=\"facebook\" rel=\"noopener noreferrer\"><img decoding=\"async\" class=\"footer-social-image\" src=\"https:\/\/bioritmefestival.org\/wp-content\/uploads\/2017\/11\/facebook-footer-icon.png\" alt=\"icono azul facebook\" title=\"facebook\" target=\"_blank\"><\/a><\/li>\n<p><!-- [et_pb_line_break_holder] --><!-- [et_pb_line_break_holder] --><!-- [et_pb_line_break_holder] --> \t<\/p>\n<li class=\"footer-social-icon\"><a class=\"footer-social-link\" href=\"https:\/\/www.instagram.com\/bioritmefestival\/\" target=\"_blank\" title=\"instagram\" rel=\"noopener noreferrer\"><img decoding=\"async\" class=\"footer-social-image\" src=\"https:\/\/bioritmefestival.org\/wp-content\/uploads\/2017\/11\/instagram-footer-icon.png\" alt=\"icono azul instagram\" title=\"instagram\" target=\"_blank\"><\/a><\/li>\n<p><!-- [et_pb_line_break_holder] --><!-- [et_pb_line_break_holder] --><!-- [et_pb_line_break_holder] --> \t<\/p>\n<li class=\"footer-social-icon\"><a class=\"footer-social-link\" href=\"https:\/\/twitter.com\/FestBioRitme?lang=es\" target=\"_blank\" title=\"twitter\" rel=\"noopener noreferrer\"><img decoding=\"async\" class=\"footer-social-image\" src=\"https:\/\/bioritmefestival.org\/wp-content\/uploads\/2017\/11\/twitter-footer-icon.png\" alt=\"icono azul twitter\" title=\"twitter\" target=\"_blank\"><\/a><\/li>\n<p><!-- [et_pb_line_break_holder] --><!-- [et_pb_line_break_holder] --><!-- [et_pb_line_break_holder] --> \t<\/p>\n<li class=\"footer-social-icon\"><a class=\"footer-social-link\" href=\"https:\/\/www.youtube.com\/user\/FestBioRitmo\" target=\"_blank\" title=\"youtube\" rel=\"noopener noreferrer\"><img decoding=\"async\" class=\"footer-social-image\" src=\"https:\/\/bioritmefestival.org\/wp-content\/uploads\/2017\/11\/youtube-footer-icon.png\" alt=\"icono azul youtube\" title=\"youtube\" target=\"_blank\"><\/a><\/li>\n<p><!-- [et_pb_line_break_holder] --><!-- [et_pb_line_break_holder] --><!-- [et_pb_line_break_holder] --> \t<\/p>\n<li class=\"footer-social-icon\"><a class=\"footer-social-link\" href=\"https:\/\/open.spotify.com\/user\/bioritmefestival\" target=\"_blank\" title=\"spotify\" rel=\"noopener noreferrer\"><img decoding=\"async\" class=\"footer-social-image\" src=\"https:\/\/bioritmefestival.org\/wp-content\/uploads\/2017\/11\/spotify-footer-icon.png\" alt=\"icono azul spotify\" title=\"spotify\" target=\"_blank\"><\/a><\/li>\n<p><!-- [et_pb_line_break_holder] --><!-- [et_pb_line_break_holder] --><!-- [et_pb_line_break_holder] --> \t<\/p>\n<li class=\"footer-social-icon\"><a class=\"footer-social-link\" href=\"http:\/\/bioritme.entradium.com\/es\/site\/botiga-bioritme-festival\/tienda\" target=\"_blank\" title=\"botiga\" rel=\"noopener noreferrer\"><img decoding=\"async\" class=\"footer-social-image\" src=\"https:\/\/bioritmefestival.org\/wp-content\/uploads\/2017\/11\/cart-icon.png\" alt=\"icono azul cart\" title=\"botiga\" target=\"_blank\"><\/a><\/li>\n<p><!-- [et_pb_line_break_holder] --><!-- [et_pb_line_break_holder] --><\/ul>\n<p><!-- [et_pb_line_break_holder] --><!-- [et_pb_line_break_holder] --><!-- [et_pb_line_break_holder] --><\/p>\n<ul class=\"menu-footer\"><!-- [et_pb_line_break_holder] --><!-- [et_pb_line_break_holder] --> \t<\/p>\n<li class=\"footer-menu-item\"><a href=\"https:\/\/bioritmefestival.org\/es\/\" title=\"inicio\"><span class=\"footer-menu-item-txt\">inicio<\/span><\/a><\/li>\n<p><!-- [et_pb_line_break_holder] --><!-- [et_pb_line_break_holder] --><!-- [et_pb_line_break_holder] --> \t<\/p>\n<li class=\"footer-menu-item\"><a href=\"https:\/\/bioritmefestival.org\/es\/informacion\/\" title=\"informaci\u00f3n\"><span class=\"footer-menu-item-txt\">informaci\u00f3n<\/span><\/a><\/li>\n<p><!-- [et_pb_line_break_holder] --><!-- [et_pb_line_break_holder] --><!-- [et_pb_line_break_holder] --> \t<\/p>\n<li class=\"footer-menu-item\"><a href=\"https:\/\/bioritmefestival.org\/programacio\/\" title=\"programaci\u00f3n\"><span class=\"footer-menu-item-txt\">programaci\u00f3n<\/span><\/a><\/li>\n<p><!-- [et_pb_line_break_holder] --><!-- [et_pb_line_break_holder] --><!-- [et_pb_line_break_holder] --> \t<\/p>\n<li class=\"footer-menu-item\"><a href=\"https:\/\/bioritmefestival.org\/es\/ediciones\/\" title=\"ediciones\"><span class=\"footer-menu-item-txt\">ediciones<\/span><\/a><\/li>\n<p><!-- [et_pb_line_break_holder] --><!-- [et_pb_line_break_holder] --><!-- [et_pb_line_break_holder] --> \t<\/p>\n<li class=\"footer-menu-item\"><a href=\"https:\/\/bioritmefestival.org\/es\/voluntarios\/\" title=\"voluntarios\"><span class=\"footer-menu-item-txt\">voluntarios<\/span><\/a><\/li>\n<p><!-- [et_pb_line_break_holder] --><!-- [et_pb_line_break_holder] --><!-- [et_pb_line_break_holder] --> \t<\/p>\n<li class=\"footer-menu-item\"><a href=\"https:\/\/bioritmefestival.org\/es\/contacto\/\" title=\"contacto\"><span class=\"footer-menu-item-txt\">contacto<\/span><\/a><\/li>\n<p><!-- [et_pb_line_break_holder] --><!-- [et_pb_line_break_holder] --><\/ul>\n<p><!-- [et_pb_line_break_holder] --><!-- [et_pb_line_break_holder] --><!-- [et_pb_line_break_holder] --><!-- [et_pb_line_break_holder] --><\/div>\n<p><!-- [et_pb_line_break_holder] --><!-- [et_pb_line_break_holder] --><!-- [et_pb_line_break_holder] --><!-- [et_pb_line_break_holder] --><\/div>\n<p>[\/et_pb_fullwidth_code][\/et_pb_section]<\/p>\n","protected":false},"excerpt":{"rendered":"<p>[et_pb_section fb_built=&#8221;1&#8243; fullwidth=&#8221;on&#8221; _builder_version=&#8221;3.22&#8243; background_color=&#8221;#0c2f51&#8243;][et_pb_fullwidth_image src=&#8221;https:\/\/bioritmefestival.org\/wp-content\/uploads\/2017\/12\/bioritme-voluntaris-header.jpg&#8221; module_class=&#8221;image-header&#8221; _builder_version=&#8221;3.0.91&#8243;][\/et_pb_fullwidth_image][\/et_pb_section][et_pb_section fb_built=&#8221;1&#8243; _builder_version=&#8221;3.22&#8243; background_color=&#8221;#0c2f51&#8243;][et_pb_row column_structure=&#8221;1_4,1_4,1_4,1_4&#8243; _builder_version=&#8221;3.25&#8243;][et_pb_column type=&#8221;1_4&#8243; _builder_version=&#8221;3.25&#8243; custom_padding=&#8221;|||&#8221; custom_padding__hover=&#8221;|||&#8221;][et_pb_image src=&#8221;https:\/\/bioritmefestival.org\/wp-content\/uploads\/2017\/10\/bioritme-logo-white-2019.png&#8221; align_tablet=&#8221;center&#8221; align_phone=&#8221;&#8221; align_last_edited=&#8221;on|desktop&#8221; module_class=&#8221;logo-white-head&#8221; _builder_version=&#8221;3.23&#8243; z_index_tablet=&#8221;500&#8243;][\/et_pb_image][\/et_pb_column][et_pb_column type=&#8221;1_4&#8243; _builder_version=&#8221;3.25&#8243; custom_padding=&#8221;|||&#8221; custom_padding__hover=&#8221;|||&#8221;][\/et_pb_column][et_pb_column type=&#8221;1_4&#8243; _builder_version=&#8221;3.25&#8243; custom_padding=&#8221;|||&#8221; custom_padding__hover=&#8221;|||&#8221;][\/et_pb_column][et_pb_column type=&#8221;1_4&#8243; _builder_version=&#8221;3.25&#8243; custom_padding=&#8221;|||&#8221; custom_padding__hover=&#8221;|||&#8221;][\/et_pb_column][\/et_pb_row][et_pb_row column_structure=&#8221;1_4,1_4,1_4,1_4&#8243; _builder_version=&#8221;3.25&#8243;][et_pb_column type=&#8221;1_4&#8243; _builder_version=&#8221;3.25&#8243; custom_padding=&#8221;|||&#8221; custom_padding__hover=&#8221;|||&#8221;][et_pb_image src=&#8221;https:\/\/bioritmefestival.org\/wp-content\/uploads\/2018\/06\/voluntarios-brush-es.png&#8221; align_tablet=&#8221;center&#8221; align_phone=&#8221;&#8221; align_last_edited=&#8221;on|desktop&#8221; module_id=&#8221;contacte-brush-voluntaris&#8221; _builder_version=&#8221;3.23&#8243; always_center_on_mobile=&#8221;on&#8221;][\/et_pb_image][\/et_pb_column][et_pb_column type=&#8221;1_4&#8243; _builder_version=&#8221;3.25&#8243; custom_padding=&#8221;|||&#8221; custom_padding__hover=&#8221;|||&#8221;][\/et_pb_column][et_pb_column type=&#8221;1_4&#8243; _builder_version=&#8221;3.25&#8243; [&hellip;]<\/p>\n","protected":false},"author":1,"featured_media":0,"parent":0,"menu_order":0,"comment_status":"closed","ping_status":"closed","template":"","meta":{"_et_pb_use_builder":"on","_et_pb_old_content":"","_et_gb_content_width":"","footnotes":""},"class_list":["post-1224","page","type-page","status-publish","hentry"],"_links":{"self":[{"href":"https:\/\/bioritmefestival.org\/es\/wp-json\/wp\/v2\/pages\/1224\/"}],"collection":[{"href":"https:\/\/bioritmefestival.org\/es\/wp-json\/wp\/v2\/pages\/"}],"about":[{"href":"https:\/\/bioritmefestival.org\/es\/wp-json\/wp\/v2\/types\/page\/"}],"author":[{"embeddable":true,"href":"https:\/\/bioritmefestival.org\/es\/wp-json\/wp\/v2\/users\/1\/"}],"replies":[{"embeddable":true,"href":"https:\/\/bioritmefestival.org\/es\/wp-json\/wp\/v2\/comments\/?post=1224"}],"version-history":[{"count":46,"href":"https:\/\/bioritmefestival.org\/es\/wp-json\/wp\/v2\/pages\/1224\/revisions\/"}],"predecessor-version":[{"id":3593,"href":"https:\/\/bioritmefestival.org\/es\/wp-json\/wp\/v2\/pages\/1224\/revisions\/3593\/"}],"wp:attachment":[{"href":"https:\/\/bioritmefestival.org\/es\/wp-json\/wp\/v2\/media\/?parent=1224"}],"curies":[{"name":"wp","href":"https:\/\/api.w.org\/{rel}","templated":true}]}}