{"id":1229,"date":"2018-06-19T01:38:18","date_gmt":"2018-06-19T01:38:18","guid":{"rendered":"http:\/\/bioritmefestival.org\/contacto\/"},"modified":"2022-02-09T17:48:36","modified_gmt":"2022-02-09T17:48:36","slug":"contacto-2","status":"publish","type":"page","link":"https:\/\/bioritmefestival.org\/es\/contacto-2\/","title":{"rendered":"contacto"},"content":{"rendered":"<p>[et_pb_section fb_built=&#8221;1&#8243; fullwidth=&#8221;on&#8221; _builder_version=&#8221;3.22&#8243; background_color=&#8221;#0c2f51&#8243;][et_pb_fullwidth_image src=&#8221;https:\/\/bioritmefestival.org\/wp-content\/uploads\/2017\/11\/contacte-bioritme-2018.jpg&#8221; module_class=&#8221;image-header&#8221; _builder_version=&#8221;3.0.91&#8243;][\/et_pb_fullwidth_image][\/et_pb_section][et_pb_section fb_built=&#8221;1&#8243; _builder_version=&#8221;3.22&#8243; background_color=&#8221;#0c2f51&#8243;][et_pb_row _builder_version=&#8221;3.25&#8243; column_structure=&#8221;1_4,1_4,1_4,1_4&#8243;][et_pb_column type=&#8221;1_4&#8243; _builder_version=&#8221;3.25&#8243; custom_padding=&#8221;|||&#8221; custom_padding__hover=&#8221;|||&#8221;][et_pb_image src=&#8221;https:\/\/bioritmefestival.org\/wp-content\/uploads\/2017\/10\/bioritme-logo-white-2019.png&#8221; align_tablet=&#8221;center&#8221; align_last_edited=&#8221;on|desktop&#8221; module_class=&#8221;logo-white-head&#8221; _builder_version=&#8221;3.23&#8243; z_index_tablet=&#8221;500&#8243;][\/et_pb_image][\/et_pb_column][et_pb_column type=&#8221;1_4&#8243; _builder_version=&#8221;3.25&#8243; custom_padding=&#8221;|||&#8221; custom_padding__hover=&#8221;|||&#8221;][\/et_pb_column][et_pb_column type=&#8221;1_4&#8243; _builder_version=&#8221;3.25&#8243; custom_padding=&#8221;|||&#8221; custom_padding__hover=&#8221;|||&#8221;][\/et_pb_column][et_pb_column type=&#8221;1_4&#8243; _builder_version=&#8221;3.25&#8243; custom_padding=&#8221;|||&#8221; custom_padding__hover=&#8221;|||&#8221;][\/et_pb_column][\/et_pb_row][et_pb_row _builder_version=&#8221;3.25&#8243; column_structure=&#8221;1_4,1_4,1_4,1_4&#8243;][et_pb_column type=&#8221;1_4&#8243; _builder_version=&#8221;3.25&#8243; custom_padding=&#8221;|||&#8221; custom_padding__hover=&#8221;|||&#8221;][et_pb_image src=&#8221;https:\/\/bioritmefestival.org\/wp-content\/uploads\/2018\/06\/contacto-brush-es.png&#8221; align_tablet=&#8221;center&#8221; align_last_edited=&#8221;on|desktop&#8221; module_id=&#8221;contacte-brush&#8221; _builder_version=&#8221;3.23&#8243; always_center_on_mobile=&#8221;on&#8221;][\/et_pb_image][\/et_pb_column][et_pb_column type=&#8221;1_4&#8243; _builder_version=&#8221;3.25&#8243; custom_padding=&#8221;|||&#8221; custom_padding__hover=&#8221;|||&#8221;][\/et_pb_column][et_pb_column type=&#8221;1_4&#8243; _builder_version=&#8221;3.25&#8243; custom_padding=&#8221;|||&#8221; custom_padding__hover=&#8221;|||&#8221;][\/et_pb_column][et_pb_column type=&#8221;1_4&#8243; _builder_version=&#8221;3.25&#8243; custom_padding=&#8221;|||&#8221; custom_padding__hover=&#8221;|||&#8221;][\/et_pb_column][\/et_pb_row][et_pb_row _builder_version=&#8221;3.25&#8243;][et_pb_column type=&#8221;4_4&#8243; _builder_version=&#8221;3.25&#8243; custom_padding=&#8221;|||&#8221; custom_padding__hover=&#8221;|||&#8221;][et_pb_text _builder_version=&#8221;3.27.4&#8243;]Rellena el formulario y te responderemos en la mayor brevedad.[\/et_pb_text][et_pb_code custom_margin=&#8221;||150px|&#8221;]<div role=\"form\" class=\"wpcf7\" id=\"wpcf7-f1267-o1\" lang=\"es-ES\" dir=\"ltr\">\n<div class=\"screen-reader-response\"><p role=\"status\" aria-live=\"polite\" aria-atomic=\"true\"><\/p> <ul><\/ul><\/div>\n<form action=\"\/es\/wp-json\/wp\/v2\/pages\/1229\/#wpcf7-f1267-o1\" method=\"post\" class=\"wpcf7-form init\" enctype=\"multipart\/form-data\" novalidate=\"novalidate\" data-status=\"init\">\n<div style=\"display: none;\">\n<input type=\"hidden\" name=\"_wpcf7\" value=\"1267\" \/>\n<input type=\"hidden\" name=\"_wpcf7_version\" value=\"5.4.1\" \/>\n<input type=\"hidden\" name=\"_wpcf7_locale\" value=\"es_ES\" \/>\n<input type=\"hidden\" name=\"_wpcf7_unit_tag\" value=\"wpcf7-f1267-o1\" \/>\n<input type=\"hidden\" name=\"_wpcf7_container_post\" value=\"0\" \/>\n<input type=\"hidden\" name=\"_wpcf7_posted_data_hash\" value=\"\" \/>\n<\/div>\n<p><label>Nombre*<br \/>\n    <span class=\"wpcf7-form-control-wrap your-name\"><input type=\"text\" name=\"your-name\" value=\"\" size=\"40\" class=\"wpcf7-form-control wpcf7-text wpcf7-validates-as-required\" aria-required=\"true\" aria-invalid=\"false\" placeholder=\"Nombre\" \/><\/span> <\/label><\/p>\n<p><label> Email*<br \/>\n    <span class=\"wpcf7-form-control-wrap your-email\"><input type=\"email\" name=\"your-email\" value=\"\" size=\"40\" class=\"wpcf7-form-control wpcf7-text wpcf7-email wpcf7-validates-as-required wpcf7-validates-as-email\" aria-required=\"true\" aria-invalid=\"false\" placeholder=\"Mail\" \/><\/span> <\/label><\/p>\n<p><label>Departamento*<br \/>\n<span class=\"wpcf7-form-control-wrap departamento\"><select name=\"departamento\" class=\"wpcf7-form-control wpcf7-select wpcf7-validates-as-required\" aria-required=\"true\" aria-invalid=\"false\"><option value=\"\">---<\/option><option value=\"Informaci\u00f3n general\">Informaci\u00f3n general<\/option><option value=\"Entradas\">Entradas<\/option><option value=\"Expositores\">Expositores<\/option><option value=\"Propuestas musicales\">Propuestas musicales<\/option><option value=\"Prensa\">Prensa<\/option><\/select><\/span><\/label><\/p>\n<p>    <label>Asunto*<span class=\"wpcf7-form-control-wrap your-subject\"><input type=\"text\" name=\"your-subject\" value=\"\" size=\"40\" class=\"wpcf7-form-control wpcf7-text wpcf7-validates-as-required\" aria-required=\"true\" aria-invalid=\"false\" placeholder=\"Asunto\" \/><\/span><\/label><\/p>\n<p><label> Mensaje*<br \/>\n    <span class=\"wpcf7-form-control-wrap your-message\"><textarea name=\"your-message\" cols=\"40\" rows=\"10\" class=\"wpcf7-form-control wpcf7-textarea wpcf7-validates-as-required\" aria-required=\"true\" aria-invalid=\"false\"><\/textarea><\/span> <\/label><\/p>\n<p><label><br \/>\n<span id=\"upload-txt\">Tama\u00f1o m\u00e1ximo del fichero 5MB<\/span><br \/>\n<span class=\"wpcf7-form-control-wrap carga\"><input type=\"file\" name=\"carga\" size=\"40\" class=\"wpcf7-form-control wpcf7-file\" id=\"subir-archivo\" accept=\".jpg,.jpeg,.png,.gif,.pdf,.doc,.docx,.ppt,.pptx,.odt,.avi,.ogg,.m4a,.mov,.mp3,.mp4,.mpg,.wav,.wmv\" aria-invalid=\"false\" \/><\/span><br \/>\n<\/label><br \/>\n<span id=\"wpcf7-69e557c49c61b-wrapper\" class=\"wpcf7-form-control-wrap mail-wrap\" style=\"display:none !important; visibility:hidden !important;\"><label for=\"wpcf7-69e557c49c61b-field\" class=\"hp-message\">Deja este campo en blanco, por favor.<\/label><input id=\"wpcf7-69e557c49c61b-field\"  class=\"wpcf7-form-control wpcf7-text\" type=\"text\" name=\"mail\" value=\"\" size=\"40\" tabindex=\"-1\" autocomplete=\"new-password\" \/><\/span><br \/>\n<input type=\"submit\" value=\"Enviar\" class=\"wpcf7-form-control wpcf7-submit\" \/><\/p>\n<div class=\"wpcf7-response-output\" aria-hidden=\"true\"><\/div><\/form><\/div>[\/et_pb_code][\/et_pb_column][\/et_pb_row][\/et_pb_section][et_pb_section fb_built=&#8221;1&#8243; fullwidth=&#8221;on&#8221; _builder_version=&#8221;3.22&#8243; z_index_tablet=&#8221;500&#8243; custom_css_before=&#8221;    display: block;||    position: absolute;||    content: &#8221;;||    right: 0;||    left: 0;||    z-index: 10;||    display: block;||    height: 90px;||    background-size: 39px 100%;||    top: -87px;||    background-image: -webkit-gradient(linear,0 0,300% 100%,color-stop(0.25,transparent),color-stop(0.25,#3498db));||    background-image: linear-gradient(315deg,#118f84 25%,transparent 25%),linear-gradient(45deg,#118f84 25%,transparent 25%);||    background-position: 50%;&#8221;][et_pb_fullwidth_code _builder_version=&#8221;4.9.7&#8243; background_color=&#8221;#118f84&#8243; hover_enabled=&#8221;0&#8243; z_index_tablet=&#8221;500&#8243; sticky_enabled=&#8221;0&#8243;]<\/p>\n<div class=\"footer-container\"><!-- [et_pb_line_break_holder] --><!--------------- COLUMNA LEFT --------------------------------------><!-- [et_pb_line_break_holder] --><!-- [et_pb_line_break_holder] --><\/p>\n<div class=\"footer-col-left\"><!-- [et_pb_line_break_holder] --> <img loading=\"lazy\" decoding=\"async\" class=\"footer-logo-blue\" src=\"https:\/\/bioritmefestival.org\/wp-content\/uploads\/2019\/02\/bioritme-logo-blue-2019.png\" alt=\"logotipo del festival bioritme color azul\" width=\"247\" height=\"107\"><!-- [et_pb_line_break_holder] --><!-- [et_pb_line_break_holder] --><pee class=\"footer-slogan\"><span class=\"footer-slogan-txt\">vindr\u00e0s per la m\u00fasica, tornar\u00e0s pel lloc.<!-- [et_pb_line_break_holder] -->#bioritmefestival<\/span><\/pee><!-- [et_pb_line_break_holder] --><!-- [et_pb_line_break_holder] --><!-- [et_pb_line_break_holder] --><!-- [et_pb_line_break_holder] --><\/div>\n<p><!-- [et_pb_line_break_holder] --><!-- [et_pb_line_break_holder] --><!--------------- COLUMNA MIDDLE --------------------------------------><!-- [et_pb_line_break_holder] --><!-- [et_pb_line_break_holder] --><\/p>\n<div class=\"footer-col-middle\"><!-- [et_pb_line_break_holder] --><!-- [et_pb_line_break_holder] --><pee class=\"footer-ttl\">abonos<\/pee><!-- [et_pb_line_break_holder] --><!-- [et_pb_line_break_holder] --><!-- [et_pb_line_break_holder] --><pee class=\"footer-txt\">Ya disponibles para los 4 d\u00edas y 4 noches en el incre\u00edble entorno de Torell\u00f3 junto al r\u00edo Ter. Con acampada incluida. El aforo es limitado y as\u00ed ser\u00e1 para ofrecer un Festival de calidad.<\/pee><!-- [et_pb_line_break_holder] --><!-- [et_pb_line_break_holder] --> <a class=\"footer-entrades-btn\" href=\"https:\/\/bioritmefestival.org\/es\/entradas\/\" alt=\"venta entradas\" title=\"entradas\">entradas<\/a><!-- [et_pb_line_break_holder] --><!-- [et_pb_line_break_holder] --><!-- [et_pb_line_break_holder] --><\/div>\n<p><!-- [et_pb_line_break_holder] --><!-- [et_pb_line_break_holder] --><!--------------- COLUMNA RIGHT --------------------------------------><!-- [et_pb_line_break_holder] --><!-- [et_pb_line_break_holder] --><\/p>\n<div class=\"footer-col-right\"><!-- [et_pb_line_break_holder] --><!-- [et_pb_line_break_holder] --><\/p>\n<ul class=\"footer-social-nav\"><!-- [et_pb_line_break_holder] --><!-- [et_pb_line_break_holder] --> \t<\/p>\n<li class=\"footer-social-icon\"><a class=\"footer-social-link\" href=\"https:\/\/www.facebook.com\/BioRitmeFestival\/\" target=\"_blank\" title=\"facebook\" rel=\"noopener noreferrer\"><img decoding=\"async\" class=\"footer-social-image\" src=\"https:\/\/bioritmefestival.org\/wp-content\/uploads\/2017\/11\/facebook-footer-icon.png\" alt=\"icono azul facebook\" title=\"facebook\" target=\"_blank\"><\/a><\/li>\n<p><!-- [et_pb_line_break_holder] --><!-- [et_pb_line_break_holder] --><!-- [et_pb_line_break_holder] --> \t<\/p>\n<li class=\"footer-social-icon\"><a class=\"footer-social-link\" href=\"https:\/\/www.instagram.com\/bioritmefestival\/\" target=\"_blank\" title=\"instagram\" rel=\"noopener noreferrer\"><img decoding=\"async\" class=\"footer-social-image\" src=\"https:\/\/bioritmefestival.org\/wp-content\/uploads\/2017\/11\/instagram-footer-icon.png\" alt=\"icono azul instagram\" title=\"instagram\" target=\"_blank\"><\/a><\/li>\n<p><!-- [et_pb_line_break_holder] --><!-- [et_pb_line_break_holder] --><!-- [et_pb_line_break_holder] --> \t<\/p>\n<li class=\"footer-social-icon\"><a class=\"footer-social-link\" href=\"https:\/\/twitter.com\/FestBioRitme?lang=es\" target=\"_blank\" title=\"twitter\" rel=\"noopener noreferrer\"><img decoding=\"async\" class=\"footer-social-image\" src=\"https:\/\/bioritmefestival.org\/wp-content\/uploads\/2017\/11\/twitter-footer-icon.png\" alt=\"icono azul twitter\" title=\"twitter\" target=\"_blank\"><\/a><\/li>\n<p><!-- [et_pb_line_break_holder] --><!-- [et_pb_line_break_holder] --><!-- [et_pb_line_break_holder] --> \t<\/p>\n<li class=\"footer-social-icon\"><a class=\"footer-social-link\" href=\"https:\/\/www.youtube.com\/user\/FestBioRitmo\" target=\"_blank\" title=\"youtube\" rel=\"noopener noreferrer\"><img decoding=\"async\" class=\"footer-social-image\" src=\"https:\/\/bioritmefestival.org\/wp-content\/uploads\/2017\/11\/youtube-footer-icon.png\" alt=\"icono azul youtube\" title=\"youtube\" target=\"_blank\"><\/a><\/li>\n<p><!-- [et_pb_line_break_holder] --><!-- [et_pb_line_break_holder] --><!-- [et_pb_line_break_holder] --> \t<\/p>\n<li class=\"footer-social-icon\"><a class=\"footer-social-link\" href=\"https:\/\/open.spotify.com\/user\/bioritmefestival\" target=\"_blank\" title=\"spotify\" rel=\"noopener noreferrer\"><img decoding=\"async\" class=\"footer-social-image\" src=\"https:\/\/bioritmefestival.org\/wp-content\/uploads\/2017\/11\/spotify-footer-icon.png\" alt=\"icono azul spotify\" title=\"spotify\" target=\"_blank\"><\/a><\/li>\n<p><!-- [et_pb_line_break_holder] --><!-- [et_pb_line_break_holder] --><!-- [et_pb_line_break_holder] --> \t<\/p>\n<li class=\"footer-social-icon\"><a class=\"footer-social-link\" href=\"http:\/\/bioritme.entradium.com\/es\/site\/botiga-bioritme-festival\/tienda\" target=\"_blank\" title=\"botiga\" rel=\"noopener noreferrer\"><img decoding=\"async\" class=\"footer-social-image\" src=\"https:\/\/bioritmefestival.org\/wp-content\/uploads\/2017\/11\/cart-icon.png\" alt=\"icono azul cart\" title=\"botiga\" target=\"_blank\"><\/a><\/li>\n<p><!-- [et_pb_line_break_holder] --><!-- [et_pb_line_break_holder] --><\/ul>\n<p><!-- [et_pb_line_break_holder] --><!-- [et_pb_line_break_holder] --><!-- [et_pb_line_break_holder] --><\/p>\n<ul class=\"menu-footer\"><!-- [et_pb_line_break_holder] --><!-- [et_pb_line_break_holder] --> \t<\/p>\n<li class=\"footer-menu-item\"><a href=\"https:\/\/bioritmefestival.org\/es\/\" title=\"inicio\"><span class=\"footer-menu-item-txt\">inicio<\/span><\/a><\/li>\n<p><!-- [et_pb_line_break_holder] --><!-- [et_pb_line_break_holder] --><!-- [et_pb_line_break_holder] --> \t<\/p>\n<li class=\"footer-menu-item\"><a href=\"https:\/\/bioritmefestival.org\/es\/informacion\/\" title=\"informaci\u00f3n\"><span class=\"footer-menu-item-txt\">informaci\u00f3n<\/span><\/a><\/li>\n<p><!-- [et_pb_line_break_holder] --><!-- [et_pb_line_break_holder] --><!-- [et_pb_line_break_holder] --> \t<\/p>\n<li class=\"footer-menu-item\"><a href=\"https:\/\/bioritmefestival.org\/programacio\/\" title=\"programaci\u00f3n\"><span class=\"footer-menu-item-txt\">programaci\u00f3n<\/span><\/a><\/li>\n<p><!-- [et_pb_line_break_holder] --><!-- [et_pb_line_break_holder] --><!-- [et_pb_line_break_holder] --> \t<\/p>\n<li class=\"footer-menu-item\"><a href=\"https:\/\/bioritmefestival.org\/es\/ediciones\/\" title=\"ediciones\"><span class=\"footer-menu-item-txt\">ediciones<\/span><\/a><\/li>\n<p><!-- [et_pb_line_break_holder] --><!-- [et_pb_line_break_holder] --><!-- [et_pb_line_break_holder] --> \t<\/p>\n<li class=\"footer-menu-item\"><a href=\"https:\/\/bioritmefestival.org\/es\/voluntarios\/\" title=\"voluntarios\"><span class=\"footer-menu-item-txt\">voluntarios<\/span><\/a><\/li>\n<p><!-- [et_pb_line_break_holder] --><!-- [et_pb_line_break_holder] --><!-- [et_pb_line_break_holder] --> \t<\/p>\n<li class=\"footer-menu-item\"><a href=\"https:\/\/bioritmefestival.org\/es\/contacto\/\" title=\"contacto\"><span class=\"footer-menu-item-txt\">contacto<\/span><\/a><\/li>\n<p><!-- [et_pb_line_break_holder] --><!-- [et_pb_line_break_holder] --><\/ul>\n<p><!-- [et_pb_line_break_holder] --><!-- [et_pb_line_break_holder] --><!-- [et_pb_line_break_holder] --><!-- [et_pb_line_break_holder] --><\/div>\n<p><!-- [et_pb_line_break_holder] --><!-- [et_pb_line_break_holder] --><!-- [et_pb_line_break_holder] --><!-- [et_pb_line_break_holder] --><\/div>\n<p>[\/et_pb_fullwidth_code][\/et_pb_section]<\/p>\n","protected":false},"excerpt":{"rendered":"<p>[et_pb_section fb_built=&#8221;1&#8243; fullwidth=&#8221;on&#8221; _builder_version=&#8221;3.22&#8243; background_color=&#8221;#0c2f51&#8243;][et_pb_fullwidth_image src=&#8221;https:\/\/bioritmefestival.org\/wp-content\/uploads\/2017\/11\/contacte-bioritme-2018.jpg&#8221; module_class=&#8221;image-header&#8221; _builder_version=&#8221;3.0.91&#8243;][\/et_pb_fullwidth_image][\/et_pb_section][et_pb_section fb_built=&#8221;1&#8243; _builder_version=&#8221;3.22&#8243; background_color=&#8221;#0c2f51&#8243;][et_pb_row _builder_version=&#8221;3.25&#8243; column_structure=&#8221;1_4,1_4,1_4,1_4&#8243;][et_pb_column type=&#8221;1_4&#8243; _builder_version=&#8221;3.25&#8243; custom_padding=&#8221;|||&#8221; custom_padding__hover=&#8221;|||&#8221;][et_pb_image src=&#8221;https:\/\/bioritmefestival.org\/wp-content\/uploads\/2017\/10\/bioritme-logo-white-2019.png&#8221; align_tablet=&#8221;center&#8221; align_last_edited=&#8221;on|desktop&#8221; module_class=&#8221;logo-white-head&#8221; _builder_version=&#8221;3.23&#8243; z_index_tablet=&#8221;500&#8243;][\/et_pb_image][\/et_pb_column][et_pb_column type=&#8221;1_4&#8243; _builder_version=&#8221;3.25&#8243; custom_padding=&#8221;|||&#8221; custom_padding__hover=&#8221;|||&#8221;][\/et_pb_column][et_pb_column type=&#8221;1_4&#8243; _builder_version=&#8221;3.25&#8243; custom_padding=&#8221;|||&#8221; custom_padding__hover=&#8221;|||&#8221;][\/et_pb_column][et_pb_column type=&#8221;1_4&#8243; _builder_version=&#8221;3.25&#8243; custom_padding=&#8221;|||&#8221; custom_padding__hover=&#8221;|||&#8221;][\/et_pb_column][\/et_pb_row][et_pb_row _builder_version=&#8221;3.25&#8243; column_structure=&#8221;1_4,1_4,1_4,1_4&#8243;][et_pb_column type=&#8221;1_4&#8243; _builder_version=&#8221;3.25&#8243; custom_padding=&#8221;|||&#8221; custom_padding__hover=&#8221;|||&#8221;][et_pb_image src=&#8221;https:\/\/bioritmefestival.org\/wp-content\/uploads\/2018\/06\/contacto-brush-es.png&#8221; align_tablet=&#8221;center&#8221; align_last_edited=&#8221;on|desktop&#8221; module_id=&#8221;contacte-brush&#8221; _builder_version=&#8221;3.23&#8243; always_center_on_mobile=&#8221;on&#8221;][\/et_pb_image][\/et_pb_column][et_pb_column type=&#8221;1_4&#8243; _builder_version=&#8221;3.25&#8243; custom_padding=&#8221;|||&#8221; custom_padding__hover=&#8221;|||&#8221;][\/et_pb_column][et_pb_column type=&#8221;1_4&#8243; _builder_version=&#8221;3.25&#8243; custom_padding=&#8221;|||&#8221; custom_padding__hover=&#8221;|||&#8221;][\/et_pb_column][et_pb_column [&hellip;]<\/p>\n","protected":false},"author":1,"featured_media":0,"parent":0,"menu_order":0,"comment_status":"closed","ping_status":"closed","template":"","meta":{"_et_pb_use_builder":"on","_et_pb_old_content":"","_et_gb_content_width":"","footnotes":""},"class_list":["post-1229","page","type-page","status-publish","hentry"],"_links":{"self":[{"href":"https:\/\/bioritmefestival.org\/es\/wp-json\/wp\/v2\/pages\/1229\/"}],"collection":[{"href":"https:\/\/bioritmefestival.org\/es\/wp-json\/wp\/v2\/pages\/"}],"about":[{"href":"https:\/\/bioritmefestival.org\/es\/wp-json\/wp\/v2\/types\/page\/"}],"author":[{"embeddable":true,"href":"https:\/\/bioritmefestival.org\/es\/wp-json\/wp\/v2\/users\/1\/"}],"replies":[{"embeddable":true,"href":"https:\/\/bioritmefestival.org\/es\/wp-json\/wp\/v2\/comments\/?post=1229"}],"version-history":[{"count":18,"href":"https:\/\/bioritmefestival.org\/es\/wp-json\/wp\/v2\/pages\/1229\/revisions\/"}],"predecessor-version":[{"id":3447,"href":"https:\/\/bioritmefestival.org\/es\/wp-json\/wp\/v2\/pages\/1229\/revisions\/3447\/"}],"wp:attachment":[{"href":"https:\/\/bioritmefestival.org\/es\/wp-json\/wp\/v2\/media\/?parent=1229"}],"curies":[{"name":"wp","href":"https:\/\/api.w.org\/{rel}","templated":true}]}}