{"id":1334,"date":"2018-06-20T00:10:34","date_gmt":"2018-06-20T00:10:34","guid":{"rendered":"http:\/\/bioritmefestival.org\/ediciones\/2013-2\/"},"modified":"2019-03-28T16:31:42","modified_gmt":"2019-03-28T16:31:42","slug":"2013-2","status":"publish","type":"page","link":"https:\/\/bioritmefestival.org\/es\/ediciones\/2013-2\/","title":{"rendered":"2013"},"content":{"rendered":"<p>[et_pb_section bb_built=&#8221;1&#8243; background_color=&#8221;#0c2f51&#8243; fullwidth=&#8221;on&#8221; _builder_version=&#8221;3.0.87&#8243; next_background_color=&#8221;#000000&#8243;][et_pb_fullwidth_image src=&#8221;http:\/\/bioritmefestival.org\/wp-content\/uploads\/2017\/12\/bioritmeedicions-header-2013.jpg&#8221; _builder_version=&#8221;3.0.91&#8243; show_in_lightbox=&#8221;off&#8221; url_new_window=&#8221;off&#8221; use_overlay=&#8221;off&#8221; \/][\/et_pb_section][et_pb_section bb_built=&#8221;1&#8243; background_color=&#8221;#0c2f51&#8243; _builder_version=&#8221;3.0.87&#8243; custom_css_before=&#8221;display: block;||position: absolute;||content: &#8221;;||    width: 50px;||    height: 50px;||    bottom: -15px;||    left: 50%;||    margin-left: -25px;||    background-color: #0c2f51; \/** Change This Value ***\/||-ms-transform: rotate(45deg);||-webkit-transform: rotate(45deg);||transform: rotate(45deg);||z-index: 1;||&#8221; prev_background_color=&#8221;#000000&#8243; next_background_color=&#8221;#ffffff&#8221;][et_pb_row _builder_version=&#8221;3.0.82&#8243;][et_pb_column type=&#8221;1_4&#8243;][et_pb_image src=&#8221;http:\/\/bioritmefestival.org\/wp-content\/uploads\/2018\/06\/ediciones-brush-es.png&#8221; _builder_version=&#8221;3.0.91&#8243; show_in_lightbox=&#8221;off&#8221; url_new_window=&#8221;off&#8221; use_overlay=&#8221;off&#8221; always_center_on_mobile=&#8221;on&#8221; force_fullwidth=&#8221;off&#8221; show_bottom_space=&#8221;on&#8221; \/][\/et_pb_column][et_pb_column type=&#8221;1_4&#8243;][\/et_pb_column][et_pb_column type=&#8221;1_4&#8243;][\/et_pb_column][et_pb_column type=&#8221;1_4&#8243;][\/et_pb_column][\/et_pb_row][et_pb_row][et_pb_column type=&#8221;4_4&#8243;][et_pb_code _builder_version=&#8221;3.0.91&#8243; module_class=&#8221;sobre-bio-container&#8221;]<\/p>\n<div class=\"sobre-bio-col-left\"><!-- [et_pb_line_break_holder] --><img decoding=\"async\" src=\"http:\/\/bioritmefestival.org\/wp-content\/uploads\/2017\/12\/bioritmo-edicion-2013.jpeg\" title=\"bioritmo 2013\" alt=\"cartel de la edici\u00f3n 2013 del bioritmo festival\"><!-- [et_pb_line_break_holder] --><\/div>\n<p><!-- [et_pb_line_break_holder] --><!-- [et_pb_line_break_holder] --><\/p>\n<div class=\"sobre-bio-col-right\"><!-- [et_pb_line_break_holder] --><\/p>\n<h3 class=\"edicions-ttl-ani\">2013<\/h3>\n<p><!-- [et_pb_line_break_holder] --><pee class=\"edicions-txt-ani\">Una edici\u00f3n en la que participaron D\u2019Callaos, Calima, Lenacay, Amparo Sanchez, Sabor de Gracia, Ferran Savall\u2026 entre otros.<\/pee><!-- [et_pb_line_break_holder] --><\/div>\n<p>[\/et_pb_code][\/et_pb_column][\/et_pb_row][\/et_pb_section][et_pb_section bb_built=&#8221;1&#8243; fullwidth=&#8221;off&#8221; specialty=&#8221;off&#8221; _builder_version=&#8221;3.0.91&#8243; background_image=&#8221;http:\/\/bioritmefestival.org\/wp-content\/uploads\/2017\/11\/botiga-recinte-bioritme-bg.jpg&#8221; parallax=&#8221;on&#8221; prev_background_color=&#8221;#0c2f51&#8243; next_background_color=&#8221;#118f84&#8243;][et_pb_row _builder_version=&#8221;3.0.82&#8243;][\/et_pb_row][\/et_pb_section][et_pb_section bb_built=&#8221;1&#8243; background_color=&#8221;#118f84&#8243; _builder_version=&#8221;3.0.91&#8243; custom_css_main_element=&#8221;display:none;&#8221; prev_background_color=&#8221;#ffffff&#8221; next_background_color=&#8221;#0c2f51&#8243;][et_pb_row use_custom_gutter=&#8221;on&#8221; gutter_width=&#8221;1&#8243; _builder_version=&#8221;3.0.87&#8243;][et_pb_column type=&#8221;4_4&#8243;][et_pb_gallery gallery_ids=&#8221;456,457,458,459,460,461,462,463&#8243; gallery_orderby=&#8221;rand&#8221; posts_number=&#8221;24&#8243; show_title_and_caption=&#8221;off&#8221; show_pagination=&#8221;off&#8221; _builder_version=&#8221;3.0.87&#8243; pagination_font_size_tablet=&#8221;51&#8243; pagination_line_height_tablet=&#8221;2&#8243; border_width_all=&#8221;2px&#8221; border_color_all=&#8221;#118f84&#8243; border_style_top_image=&#8221;solid&#8221; border_style_right_image=&#8221;solid&#8221; border_style_bottom_image=&#8221;solid&#8221; border_style_left_image=&#8221;solid&#8221; hover_icon=&#8221;%%51%%&#8221; \/][\/et_pb_column][\/et_pb_row][\/et_pb_section][et_pb_section bb_built=&#8221;1&#8243; background_color=&#8221;#0c2f51&#8243; _builder_version=&#8221;3.0.87&#8243; prev_background_color=&#8221;#118f84&#8243; next_background_color=&#8221;#ffffff&#8221;][et_pb_row _builder_version=&#8221;3.0.91&#8243; module_class=&#8221;edicions-ani-container&#8221;][et_pb_column type=&#8221;4_4&#8243;][et_pb_code _builder_version=&#8221;3.0.91&#8243; module_class=&#8221;pilares-hdr&#8221;]<img decoding=\"async\" class=\"pilares-icon\" id=\"pilares-teaser-icon\" src=\"http:\/\/bioritmefestival.org\/wp-content\/uploads\/2017\/11\/bioritme-icon-white.png\" alt=\"\"><!-- [et_pb_line_break_holder] --><pee class=\"pilares-ttl\" id=\"pilares-ttl-movie\"><!-- [et_pb_line_break_holder] -->BioRitmo Festival 2013 | Aftermovie Oficial<\/pee><!-- [et_pb_line_break_holder] --><img decoding=\"async\" class=\"pilares-separator\" id=\"pilares-separator-movie\" src=\"http:\/\/bioritmefestival.org\/wp-content\/uploads\/2017\/11\/separator.png\">[\/et_pb_code][\/et_pb_column][\/et_pb_row][et_pb_row custom_margin=&#8221;||80px|&#8221; _builder_version=&#8221;3.0.87&#8243;][et_pb_column type=&#8221;2_3&#8243;][et_pb_code _builder_version=&#8221;3.0.91&#8243;]<\/p>\n<div class=\"video-wrap\"><!-- [et_pb_line_break_holder] --><\/p>\n<div class=\"video-responsive\"><iframe loading=\"lazy\" width=\"560\" height=\"315\" src=\"https:\/\/www.youtube.com\/embed\/VWrPEtPF5qQ\" frameborder=\"0\" allowfullscreen><\/iframe><\/div>\n<p><!-- [et_pb_line_break_holder] --><\/div>\n<p><!-- [et_pb_line_break_holder] -->[\/et_pb_code][\/et_pb_column][et_pb_column type=&#8221;1_3&#8243;][et_pb_text _builder_version=&#8221;3.0.91&#8243; background_layout=&#8221;light&#8221;]<\/p>\n<p class=\"after-movie-ttl\"><span class=\"after-movie-ttl-txt\">BioRitmo Aftermovie 2013<\/span><\/p>\n<p>Festival BioRitmo, el 7, 8 y 9 de junio en el recinto Bosc Tancat de Cerdanyola del Vall\u00e8s (Barcelona).<\/p>\n<p>[\/et_pb_text][\/et_pb_column][\/et_pb_row][\/et_pb_section][et_pb_section bb_built=&#8221;1&#8243; fullwidth=&#8221;on&#8221; _builder_version=&#8221;3.21.1&#8243; custom_css_before=&#8221;    display: block;||    position: absolute;||    content: &#8221;;||    right: 0;||    left: 0;||    z-index: 10;||    display: block;||    height: 90px;||    background-size: 39px 100%;||    top: -87px;||    background-image: -webkit-gradient(linear,0 0,300% 100%,color-stop(0.25,transparent),color-stop(0.25,#3498db));||    background-image: linear-gradient(315deg,#118f84 25%,transparent 25%),linear-gradient(45deg,#118f84 25%,transparent 25%);||    background-position: 50%;&#8221; prev_background_color=&#8221;#0c2f51&#8243; z_index_tablet=&#8221;500&#8243;][et_pb_fullwidth_code _builder_version=&#8221;3.21.1&#8243; background_color=&#8221;#118f84&#8243; z_index_tablet=&#8221;500&#8243;]<\/p>\n<div class=\"footer-container\"><!-- [et_pb_line_break_holder] --><!--------------- COLUMNA LEFT --------------------------------------><!-- [et_pb_line_break_holder] --> <\/p>\n<div class=\"footer-col-left\"><!-- [et_pb_line_break_holder] --> <img loading=\"lazy\" decoding=\"async\" class=\"footer-logo-blue\" src=\"https:\/\/bioritmefestival.org\/wp-content\/uploads\/2019\/02\/bioritme-logo-blue-2019.png\" alt=\"logotipo del festival bioritme color azul\" width=\"247\" height=\"107\"><!-- [et_pb_line_break_holder] --> <pee class=\"footer-slogan\"><span class=\"footer-slogan-txt\">vindr\u00e0s per la m\u00fasica, tornar\u00e0s pel lloc.<\/br>#bioritmefestival<\/span><\/pee><!-- [et_pb_line_break_holder] --> <\/div>\n<p><!-- [et_pb_line_break_holder] --><!--------------- COLUMNA MIDDLE --------------------------------------><!-- [et_pb_line_break_holder] --> <\/p>\n<div class=\"footer-col-middle\"><!-- [et_pb_line_break_holder] --> <pee class=\"footer-ttl\">abonos<\/pee><!-- [et_pb_line_break_holder] --> <pee class=\"footer-txt\">Ya disponibles para los 4 d\u00edas y 4 noches en el incre\u00edble paraje natural del pantano de Sau. Sin gastos de gesti\u00f3n y con acampada incluida. El aforo es limitado y as\u00ed ser\u00e1 para ofrecer un Festival de calidad.<\/pee><!-- [et_pb_line_break_holder] --> <a class=\"footer-entrades-btn\" href=\"https:\/\/bioritmefestival.org\/es\/entradas\/\" alt=\"venta entradas\" title=\"entradas\">entradas<\/a><!-- [et_pb_line_break_holder] --> <\/div>\n<p><!-- [et_pb_line_break_holder] --><!--------------- COLUMNA RIGHT --------------------------------------><!-- [et_pb_line_break_holder] --> <\/p>\n<div class=\"footer-col-right\"><!-- [et_pb_line_break_holder] --> <\/p>\n<ul class=\"footer-social-nav\"><!-- [et_pb_line_break_holder] --> <\/p>\n<li class=\"footer-social-icon\"><a class=\"footer-social-link\" href=\"https:\/\/www.facebook.com\/BioRitmeFestival\/\" target=\"_blank\" title=\"facebook\"><img decoding=\"async\" class=\"footer-social-image\" src=\"http:\/\/bioritmefestival.org\/wp-content\/uploads\/2017\/11\/facebook-footer-icon.png\" alt=\"icono azul facebook\" title=\"facebook\" target=\"_blank\"><\/a><\/li>\n<p><!-- [et_pb_line_break_holder] --> <\/p>\n<li class=\"footer-social-icon\"><a class=\"footer-social-link\" href=\"https:\/\/www.instagram.com\/bioritmefestival\/\" target=\"_blank\" title=\"instagram\"><img decoding=\"async\" class=\"footer-social-image\" src=\"http:\/\/bioritmefestival.org\/wp-content\/uploads\/2017\/11\/instagram-footer-icon.png\" alt=\"icono azul instagram\" title=\"instagram\" target=\"_blank\"><\/a><\/li>\n<p><!-- [et_pb_line_break_holder] --> <\/p>\n<li class=\"footer-social-icon\"><a class=\"footer-social-link\" href=\"https:\/\/twitter.com\/FestBioRitme?lang=es\" target=\"_blank\" title=\"twitter\"><img decoding=\"async\" class=\"footer-social-image\" src=\"http:\/\/bioritmefestival.org\/wp-content\/uploads\/2017\/11\/twitter-footer-icon.png\" alt=\"icono azul twitter\" title=\"twitter\" target=\"_blank\"><\/a><\/li>\n<p><!-- [et_pb_line_break_holder] --> <\/p>\n<li class=\"footer-social-icon\"><a class=\"footer-social-link\" href=\"https:\/\/www.youtube.com\/user\/FestBioRitmo\" target=\"_blank\" title=\"youtube\"><img decoding=\"async\" class=\"footer-social-image\" src=\"http:\/\/bioritmefestival.org\/wp-content\/uploads\/2017\/11\/youtube-footer-icon.png\" alt=\"icono azul youtube\" title=\"youtube\" target=\"_blank\"><\/a><\/li>\n<p><!-- [et_pb_line_break_holder] --> <\/p>\n<li class=\"footer-social-icon\"><a class=\"footer-social-link\" href=\"https:\/\/open.spotify.com\/user\/bioritmefestival\" target=\"_blank\" title=\"spotify\"><img decoding=\"async\" class=\"footer-social-image\" src=\"http:\/\/bioritmefestival.org\/wp-content\/uploads\/2017\/11\/spotify-footer-icon.png\" alt=\"icono azul spotify\" title=\"spotify\" target=\"_blank\"><\/a><\/li>\n<p><!-- [et_pb_line_break_holder] --> <\/p>\n<li class=\"footer-social-icon\"><a class=\"footer-social-link\" href=\"http:\/\/bioritme.entradium.com\/es\/site\/botiga-bioritme-festival\/tienda\" target=\"_blank\" title=\"botiga\"><img decoding=\"async\" class=\"footer-social-image\" src=\"http:\/\/bioritmefestival.org\/wp-content\/uploads\/2017\/11\/cart-icon.png\" alt=\"icono azul cart\" title=\"botiga\" target=\"_blank\"><\/a><\/li>\n<p><!-- [et_pb_line_break_holder] --> <\/ul>\n<p><!-- [et_pb_line_break_holder] --> <\/p>\n<ul class=\"menu-footer\"><!-- [et_pb_line_break_holder] --> <\/p>\n<li class=\"footer-menu-item\"><a href=\"https:\/\/bioritmefestival.org\/es\/\" title=\"inicio\"><span class=\"footer-menu-item-txt\">inicio<\/span><\/a><\/li>\n<p><!-- [et_pb_line_break_holder] --> <\/p>\n<li class=\"footer-menu-item\"><a href=\"https:\/\/bioritmefestival.org\/es\/informacion\/\" title=\"informaci\u00f3n\"><span class=\"footer-menu-item-txt\">informaci\u00f3n<\/span><\/a><\/li>\n<p><!-- [et_pb_line_break_holder] --> <\/p>\n<li class=\"footer-menu-item\"><a href=\"https:\/\/bioritmefestival.org\/programacio\/\" title=\"programaci\u00f3n\"><span class=\"footer-menu-item-txt\">programaci\u00f3n<\/span><\/a><\/li>\n<p><!-- [et_pb_line_break_holder] --> <\/p>\n<li class=\"footer-menu-item\"><a href=\"https:\/\/bioritmefestival.org\/es\/ediciones\/\" title=\"ediciones\"><span class=\"footer-menu-item-txt\">ediciones<\/span><\/a><\/li>\n<p><!-- [et_pb_line_break_holder] --> <\/p>\n<li class=\"footer-menu-item\"><a href=\"https:\/\/bioritmefestival.org\/es\/voluntarios\/\" title=\"voluntarios\"><span class=\"footer-menu-item-txt\">voluntarios<\/span><\/a><\/li>\n<p><!-- [et_pb_line_break_holder] --> <\/p>\n<li class=\"footer-menu-item\"><a href=\"https:\/\/bioritmefestival.org\/es\/contacto\/\" title=\"contacto\"><span class=\"footer-menu-item-txt\">contacto<\/span><\/a><\/li>\n<p><!-- [et_pb_line_break_holder] --> <\/ul>\n<p><!-- [et_pb_line_break_holder] --> <\/div>\n<p><!-- [et_pb_line_break_holder] --><\/div>\n<p>[\/et_pb_fullwidth_code][\/et_pb_section]<\/p>\n","protected":false},"excerpt":{"rendered":"<p>[et_pb_section bb_built=&#8221;1&#8243; background_color=&#8221;#0c2f51&#8243; fullwidth=&#8221;on&#8221; _builder_version=&#8221;3.0.87&#8243; next_background_color=&#8221;#000000&#8243;][et_pb_fullwidth_image src=&#8221;http:\/\/bioritmefestival.org\/wp-content\/uploads\/2017\/12\/bioritmeedicions-header-2013.jpg&#8221; _builder_version=&#8221;3.0.91&#8243; show_in_lightbox=&#8221;off&#8221; url_new_window=&#8221;off&#8221; use_overlay=&#8221;off&#8221; \/][\/et_pb_section][et_pb_section bb_built=&#8221;1&#8243; background_color=&#8221;#0c2f51&#8243; _builder_version=&#8221;3.0.87&#8243; custom_css_before=&#8221;display: block;||position: absolute;||content: &#8221;;|| width: 50px;|| height: 50px;|| bottom: -15px;|| left: 50%;|| margin-left: -25px;|| background-color: #0c2f51; \/** Change This Value ***\/||-ms-transform: rotate(45deg);||-webkit-transform: rotate(45deg);||transform: rotate(45deg);||z-index: 1;||&#8221; prev_background_color=&#8221;#000000&#8243; next_background_color=&#8221;#ffffff&#8221;][et_pb_row _builder_version=&#8221;3.0.82&#8243;][et_pb_column type=&#8221;1_4&#8243;][et_pb_image src=&#8221;http:\/\/bioritmefestival.org\/wp-content\/uploads\/2018\/06\/ediciones-brush-es.png&#8221; _builder_version=&#8221;3.0.91&#8243; show_in_lightbox=&#8221;off&#8221; url_new_window=&#8221;off&#8221; use_overlay=&#8221;off&#8221; always_center_on_mobile=&#8221;on&#8221; force_fullwidth=&#8221;off&#8221; show_bottom_space=&#8221;on&#8221; \/][\/et_pb_column][et_pb_column type=&#8221;1_4&#8243;][\/et_pb_column][et_pb_column type=&#8221;1_4&#8243;][\/et_pb_column][et_pb_column [&hellip;]<\/p>\n","protected":false},"author":1,"featured_media":0,"parent":1217,"menu_order":0,"comment_status":"closed","ping_status":"closed","template":"","meta":{"_et_pb_use_builder":"on","_et_pb_old_content":"","_et_gb_content_width":"","footnotes":""},"class_list":["post-1334","page","type-page","status-publish","hentry"],"_links":{"self":[{"href":"https:\/\/bioritmefestival.org\/es\/wp-json\/wp\/v2\/pages\/1334\/"}],"collection":[{"href":"https:\/\/bioritmefestival.org\/es\/wp-json\/wp\/v2\/pages\/"}],"about":[{"href":"https:\/\/bioritmefestival.org\/es\/wp-json\/wp\/v2\/types\/page\/"}],"author":[{"embeddable":true,"href":"https:\/\/bioritmefestival.org\/es\/wp-json\/wp\/v2\/users\/1\/"}],"replies":[{"embeddable":true,"href":"https:\/\/bioritmefestival.org\/es\/wp-json\/wp\/v2\/comments\/?post=1334"}],"version-history":[{"count":12,"href":"https:\/\/bioritmefestival.org\/es\/wp-json\/wp\/v2\/pages\/1334\/revisions\/"}],"predecessor-version":[{"id":2728,"href":"https:\/\/bioritmefestival.org\/es\/wp-json\/wp\/v2\/pages\/1334\/revisions\/2728\/"}],"up":[{"embeddable":true,"href":"https:\/\/bioritmefestival.org\/es\/wp-json\/wp\/v2\/pages\/1217\/"}],"wp:attachment":[{"href":"https:\/\/bioritmefestival.org\/es\/wp-json\/wp\/v2\/media\/?parent=1334"}],"curies":[{"name":"wp","href":"https:\/\/api.w.org\/{rel}","templated":true}]}}