{"id":1350,"date":"2018-06-20T00:34:42","date_gmt":"2018-06-20T00:34:42","guid":{"rendered":"http:\/\/bioritmefestival.org\/ticket-transporte\/"},"modified":"2022-02-09T18:26:33","modified_gmt":"2022-02-09T18:26:33","slug":"ticket-transporte","status":"publish","type":"page","link":"https:\/\/bioritmefestival.org\/es\/ticket-transporte\/","title":{"rendered":"ticket transporte"},"content":{"rendered":"<p>[et_pb_section fb_built=&#8221;1&#8243; fullwidth=&#8221;on&#8221; _builder_version=&#8221;3.22&#8243; background_color=&#8221;#0c2f51&#8243;][et_pb_fullwidth_image src=&#8221;https:\/\/bioritmefestival.org\/wp-content\/uploads\/2017\/11\/bioritme-entrades-02.jpg&#8221; _builder_version=&#8221;3.0.91&#8243;][\/et_pb_fullwidth_image][\/et_pb_section][et_pb_section fb_built=&#8221;1&#8243; _builder_version=&#8221;3.22&#8243; background_color=&#8221;#0c2f51&#8243;][et_pb_row column_structure=&#8221;1_4,1_4,1_4,1_4&#8243; _builder_version=&#8221;3.25&#8243;][et_pb_column type=&#8221;1_4&#8243; _builder_version=&#8221;3.25&#8243; custom_padding=&#8221;|||&#8221; custom_padding__hover=&#8221;|||&#8221;][et_pb_image src=&#8221;https:\/\/bioritmefestival.org\/wp-content\/uploads\/2017\/10\/bioritme-logo-white-2019.png&#8221; align_tablet=&#8221;center&#8221; align_phone=&#8221;&#8221; align_last_edited=&#8221;on|desktop&#8221; module_class=&#8221;logo-white-head&#8221; _builder_version=&#8221;3.23&#8243; z_index_tablet=&#8221;500&#8243;][\/et_pb_image][\/et_pb_column][et_pb_column type=&#8221;1_4&#8243; _builder_version=&#8221;3.25&#8243; custom_padding=&#8221;|||&#8221; custom_padding__hover=&#8221;|||&#8221;][\/et_pb_column][et_pb_column type=&#8221;1_4&#8243; _builder_version=&#8221;3.25&#8243; custom_padding=&#8221;|||&#8221; custom_padding__hover=&#8221;|||&#8221;][\/et_pb_column][et_pb_column type=&#8221;1_4&#8243; _builder_version=&#8221;3.25&#8243; custom_padding=&#8221;|||&#8221; custom_padding__hover=&#8221;|||&#8221;][\/et_pb_column][\/et_pb_row][\/et_pb_section][et_pb_section fb_built=&#8221;1&#8243; module_id=&#8221;iframe-entrades-container&#8221; _builder_version=&#8221;3.22&#8243; background_color=&#8221;#0c2f51&#8243;][et_pb_row _builder_version=&#8221;3.25&#8243; background_size=&#8221;initial&#8221; background_position=&#8221;top_left&#8221; background_repeat=&#8221;repeat&#8221;][et_pb_column type=&#8221;4_4&#8243; _builder_version=&#8221;3.25&#8243; custom_padding=&#8221;|||&#8221; custom_padding__hover=&#8221;|||&#8221;][et_pb_text _builder_version=&#8221;3.27.4&#8243; z_index_tablet=&#8221;500&#8243;]<\/p>\n<h3><strong><span style=\"color: #ffffff;\">TICKET TRANSPORTE ILIMITADO<\/span><\/strong><\/h3>\n<p>[\/et_pb_text][\/et_pb_column][\/et_pb_row][et_pb_row _builder_version=&#8221;3.25&#8243; background_size=&#8221;initial&#8221; background_position=&#8221;top_left&#8221; background_repeat=&#8221;repeat&#8221;][et_pb_column type=&#8221;4_4&#8243; _builder_version=&#8221;3.25&#8243; custom_padding=&#8221;|||&#8221; custom_padding__hover=&#8221;|||&#8221;][et_pb_text disabled_on=&#8221;on|on|on&#8221; _builder_version=&#8221;3.27.4&#8243; z_index_tablet=&#8221;500&#8243; disabled=&#8221;on&#8221;]<\/p>\n<p><span style=\"color: #ffffff;\">El Ticket transporte tiene como objetivo favorecer la comunicaci\u00f3n entre el<strong>recinto del Festival<\/strong>\u00a0y el poble de\u00a0<strong>Vilanova de Sau<\/strong>\u00a0con una parada extra en el\u00a0<strong>parking de coches<\/strong>\u00a0del BioRitme Festival.<strong> Los VIAJES son ILIMITADOS.<\/strong><\/span><\/p>\n<p><span style=\"color: #ffffff;\">HORARIOS<\/span><\/p>\n<p><span style=\"color: #ffffff;\">Jueves 26, viernes 27, s\u00e1bado 28 y domingo 29 de agosto desde las 9:00h hasta la ma\u00f1ana hasta las 21: 00h de la noche.<\/span><\/p>\n<p><span style=\"color: #ffffff;\">Lunes 30 de agosto desde las 9: 00h hasta las 16: 00h de la tarde<\/span><\/p>\n<p><span style=\"color: #ffffff;\">El ticket transporte da acceso al transporte que estar\u00e1 disponible durante los 5 d\u00edas de festival con un recorrido circular de:<br \/> <\/span><\/p>\n<p style=\"text-align: center;\"><strong><span style=\"color: #ffffff;\">&#8216;Recinto BioRitme &#8211; Parking de coches &#8211; Vilanova de Sau&#8217;<\/span><\/strong><\/p>\n<p>[\/et_pb_text][\/et_pb_column][\/et_pb_row][et_pb_row disabled_on=&#8221;off|off|off&#8221; _builder_version=&#8221;3.25&#8243; background_size=&#8221;initial&#8221; background_position=&#8221;top_left&#8221; background_repeat=&#8221;repeat&#8221;][et_pb_column type=&#8221;4_4&#8243; _builder_version=&#8221;3.25&#8243; custom_padding=&#8221;|||&#8221; custom_padding__hover=&#8221;|||&#8221;][et_pb_code disabled_on=&#8221;on|on|on&#8221; _builder_version=&#8221;3.21.1&#8243; z_index_tablet=&#8221;500&#8243; disabled=&#8221;on&#8221;]       <iframe src=\"https:\/\/venta.enterticket.es\/buy\/?id=4618&#038;id_entradas=17952\" id=\"etktfrm4618\" width=\"100%\" frameBorder=\"0\"><\/iframe><script type=\"text\/javascript\" src=\"https:\/\/d31tcnbxvxtafg.cloudfront.net\/js\/libraries\/buy.js\"><\/script>[\/et_pb_code][\/et_pb_column][\/et_pb_row][\/et_pb_section][et_pb_section fb_built=&#8221;1&#8243; _builder_version=&#8221;3.22&#8243; background_image=&#8221;https:\/\/bioritmefestival.org\/wp-content\/uploads\/2017\/11\/bioritme-menors-edat.jpg&#8221; parallax=&#8221;on&#8221;][et_pb_row _builder_version=&#8221;3.25&#8243; background_size=&#8221;initial&#8221; background_position=&#8221;top_left&#8221; background_repeat=&#8221;repeat&#8221;][et_pb_column type=&#8221;4_4&#8243; _builder_version=&#8221;3.25&#8243; custom_padding=&#8221;|||&#8221; custom_padding__hover=&#8221;|||&#8221;][et_pb_code _builder_version=&#8221;4.9.7&#8243; z_index_tablet=&#8221;500&#8243;]<\/p>\n<div class=\"separator-download-container\"><!-- [et_pb_line_break_holder] --><!-- [et_pb_line_break_holder] --><pee class=\"separator-download-txt\" id=\"separator-menors-entrades\">Desc\u00e1rgate el documento de menores de edad<\/pee><!-- [et_pb_line_break_holder] --><!-- [et_pb_line_break_holder] --> <a class=\"separator-download-button\" id=\"separator-download-btn-entrades-menor\" href=\"https:\/\/bioritmefestival.org\/descarga\/Autoritzaci%C3%B3n%20menores%20CAT%20-%20ESP%20_%202022.pdf\" target=\"_blank\" title=\"descarregar\" rel=\"noopener noreferrer\"><!-- [et_pb_line_break_holder] --> <span class=\"separator-download-button-txt\">descarregar<\/span><!-- [et_pb_line_break_holder] --> <\/a><!-- [et_pb_line_break_holder] --><!-- [et_pb_line_break_holder] --><!-- [et_pb_line_break_holder] --><\/div>\n<p>[\/et_pb_code][\/et_pb_column][\/et_pb_row][\/et_pb_section][et_pb_section fb_built=&#8221;1&#8243; _builder_version=&#8221;3.22&#8243; background_color=&#8221;#0c2f51&#8243;][et_pb_row column_structure=&#8221;1_4,1_4,1_4,1_4&#8243; _builder_version=&#8221;3.25&#8243;][et_pb_column type=&#8221;1_4&#8243; _builder_version=&#8221;3.25&#8243; custom_padding=&#8221;|||&#8221; custom_padding__hover=&#8221;|||&#8221;][et_pb_image src=&#8221;https:\/\/bioritmefestival.org\/wp-content\/uploads\/2017\/11\/brush-ttl-colabora-es.png&#8221; align_tablet=&#8221;center&#8221; align_phone=&#8221;&#8221; align_last_edited=&#8221;on|desktop&#8221; _builder_version=&#8221;3.23&#8243;][\/et_pb_image][\/et_pb_column][et_pb_column type=&#8221;1_4&#8243; _builder_version=&#8221;3.25&#8243; custom_padding=&#8221;|||&#8221; custom_padding__hover=&#8221;|||&#8221;][\/et_pb_column][et_pb_column type=&#8221;1_4&#8243; _builder_version=&#8221;3.25&#8243; custom_padding=&#8221;|||&#8221; custom_padding__hover=&#8221;|||&#8221;][\/et_pb_column][et_pb_column type=&#8221;1_4&#8243; _builder_version=&#8221;3.25&#8243; custom_padding=&#8221;|||&#8221; custom_padding__hover=&#8221;|||&#8221;][\/et_pb_column][\/et_pb_row][et_pb_row column_structure=&#8221;1_4,1_4,1_4,1_4&#8243; module_id=&#8221;colabora-logos-container&#8221; _builder_version=&#8221;3.25&#8243;][et_pb_column type=&#8221;1_4&#8243; _builder_version=&#8221;3.25&#8243; custom_padding=&#8221;||80px|&#8221; custom_padding__hover=&#8221;|||&#8221;][et_pb_image src=&#8221;https:\/\/bioritmefestival.org\/wp-content\/uploads\/2017\/11\/colabora-associacio-bioritme-logo.png&#8221; align_tablet=&#8221;center&#8221; align_phone=&#8221;&#8221; align_last_edited=&#8221;on|desktop&#8221; _builder_version=&#8221;3.23&#8243;][\/et_pb_image][\/et_pb_column][et_pb_column type=&#8221;1_4&#8243; _builder_version=&#8221;3.25&#8243; custom_padding=&#8221;|||&#8221; custom_padding__hover=&#8221;|||&#8221;][et_pb_image src=&#8221;https:\/\/bioritmefestival.org\/wp-content\/uploads\/2022\/02\/logo_AjT_ALT_negre.png&#8221; title_text=&#8221;logo_AjT_ALT_negre&#8221; url=&#8221;https:\/\/torello.cat\/&#8221; url_new_window=&#8221;on&#8221; align_tablet=&#8221;center&#8221; align_phone=&#8221;&#8221; align_last_edited=&#8221;on|desktop&#8221; _builder_version=&#8221;4.9.7&#8243; hover_enabled=&#8221;0&#8243; sticky_enabled=&#8221;0&#8243;][\/et_pb_image][et_pb_image src=&#8221;https:\/\/bioritmefestival.org\/wp-content\/uploads\/2017\/11\/colabora-bioeco-logo.png&#8221; url=&#8221;https:\/\/www.bioecoactual.com&#8221; url_new_window=&#8221;on&#8221; align_tablet=&#8221;center&#8221; align_phone=&#8221;&#8221; align_last_edited=&#8221;on|desktop&#8221; _builder_version=&#8221;3.23&#8243;][\/et_pb_image][\/et_pb_column][et_pb_column type=&#8221;1_4&#8243; _builder_version=&#8221;3.25&#8243; custom_padding=&#8221;|||&#8221; custom_padding__hover=&#8221;|||&#8221;][et_pb_image src=&#8221;https:\/\/bioritmefestival.org\/wp-content\/uploads\/2017\/11\/colabora-diputacio-barcelona-logo.png&#8221; url=&#8221;http:\/\/www.diba.cat\/es&#8221; url_new_window=&#8221;on&#8221; align_tablet=&#8221;center&#8221; align_phone=&#8221;&#8221; align_last_edited=&#8221;on|desktop&#8221; _builder_version=&#8221;3.23&#8243;][\/et_pb_image][et_pb_image src=&#8221;https:\/\/bioritmefestival.org\/wp-content\/uploads\/2017\/11\/colabora-lluna-logo.png&#8221; url=&#8221;http:\/\/cerveseslluna.com\/es\/&#8221; url_new_window=&#8221;on&#8221; align_tablet=&#8221;center&#8221; align_phone=&#8221;&#8221; align_last_edited=&#8221;on|desktop&#8221; module_id=&#8221;lluna-logo&#8221; _builder_version=&#8221;3.23&#8243;][\/et_pb_image][\/et_pb_column][et_pb_column type=&#8221;1_4&#8243; _builder_version=&#8221;3.25&#8243; custom_padding=&#8221;|||&#8221; custom_padding__hover=&#8221;|||&#8221;][et_pb_image src=&#8221;https:\/\/bioritmefestival.org\/wp-content\/uploads\/2017\/11\/colabora-biocultura-logo.png&#8221; url=&#8221;http:\/\/www.biocultura.org&#8221; url_new_window=&#8221;on&#8221; align_tablet=&#8221;center&#8221; align_phone=&#8221;&#8221; align_last_edited=&#8221;on|desktop&#8221; module_id=&#8221;biocultura-logo&#8221; _builder_version=&#8221;3.23&#8243;][\/et_pb_image][\/et_pb_column][\/et_pb_row][\/et_pb_section][et_pb_section fb_built=&#8221;1&#8243; fullwidth=&#8221;on&#8221; _builder_version=&#8221;3.22&#8243; z_index_tablet=&#8221;500&#8243; custom_css_before=&#8221; display: block;|| position: absolute;|| content: &#8221;;|| right: 0;|| left: 0;|| z-index: 10;|| display: block;|| height: 90px;|| background-size: 39px 100%;|| top: -87px;|| background-image: -webkit-gradient(linear,0 0,300% 100%,color-stop(0.25,transparent),color-stop(0.25,#3498db));|| background-image: linear-gradient(315deg,#118f84 25%,transparent 25%),linear-gradient(45deg,#118f84 25%,transparent 25%);|| background-position: 50%;&#8221;][et_pb_fullwidth_code _builder_version=&#8221;4.9.7&#8243; background_color=&#8221;#118f84&#8243; z_index_tablet=&#8221;500&#8243;]<\/p>\n<div class=\"footer-container\"><!-- [et_pb_line_break_holder] --><!--------------- COLUMNA LEFT --------------------------------------><!-- [et_pb_line_break_holder] --><!-- [et_pb_line_break_holder] --><\/p>\n<div class=\"footer-col-left\"><!-- [et_pb_line_break_holder] --> <img loading=\"lazy\" decoding=\"async\" class=\"footer-logo-blue\" src=\"https:\/\/bioritmefestival.org\/wp-content\/uploads\/2019\/02\/bioritme-logo-blue-2019.png\" alt=\"logotipo del festival bioritme color azul\" width=\"247\" height=\"107\"><!-- [et_pb_line_break_holder] --><!-- [et_pb_line_break_holder] --><pee class=\"footer-slogan\"><span class=\"footer-slogan-txt\">vindr\u00e0s per la m\u00fasica, tornar\u00e0s pel lloc.<!-- [et_pb_line_break_holder] -->#bioritmefestival<\/span><\/pee><!-- [et_pb_line_break_holder] --><!-- [et_pb_line_break_holder] --><!-- [et_pb_line_break_holder] --><!-- [et_pb_line_break_holder] --><\/div>\n<p><!-- [et_pb_line_break_holder] --><!-- [et_pb_line_break_holder] --><!--------------- COLUMNA MIDDLE --------------------------------------><!-- [et_pb_line_break_holder] --><!-- [et_pb_line_break_holder] --><\/p>\n<div class=\"footer-col-middle\"><!-- [et_pb_line_break_holder] --><!-- [et_pb_line_break_holder] --><pee class=\"footer-ttl\">abonos<\/pee><!-- [et_pb_line_break_holder] --><!-- [et_pb_line_break_holder] --><!-- [et_pb_line_break_holder] --><pee class=\"footer-txt\">Ya disponibles para los 4 d\u00edas y 4 noches en el incre\u00edble entorno de Torell\u00f3, junto al r\u00edo Ter. Con acampada incluida. El aforo es limitado y as\u00ed ser\u00e1 para ofrecer un Festival de calidad.<\/pee><!-- [et_pb_line_break_holder] --><!-- [et_pb_line_break_holder] --> <a class=\"footer-entrades-btn\" href=\"https:\/\/bioritmefestival.org\/es\/entradas\/\" alt=\"venta entradas\" title=\"entradas\">entradas<\/a><!-- [et_pb_line_break_holder] --><!-- [et_pb_line_break_holder] --><!-- [et_pb_line_break_holder] --><\/div>\n<p><!-- [et_pb_line_break_holder] --><!-- [et_pb_line_break_holder] --><!--------------- COLUMNA RIGHT --------------------------------------><!-- [et_pb_line_break_holder] --><!-- [et_pb_line_break_holder] --><\/p>\n<div class=\"footer-col-right\"><!-- [et_pb_line_break_holder] --><!-- [et_pb_line_break_holder] --><\/p>\n<ul class=\"footer-social-nav\"><!-- [et_pb_line_break_holder] --><!-- [et_pb_line_break_holder] --> \t<\/p>\n<li class=\"footer-social-icon\"><a class=\"footer-social-link\" href=\"https:\/\/www.facebook.com\/BioRitmeFestival\/\" target=\"_blank\" title=\"facebook\" rel=\"noopener noreferrer\"><img decoding=\"async\" class=\"footer-social-image\" src=\"https:\/\/bioritmefestival.org\/wp-content\/uploads\/2017\/11\/facebook-footer-icon.png\" alt=\"icono azul facebook\" title=\"facebook\" target=\"_blank\"><\/a><\/li>\n<p><!-- [et_pb_line_break_holder] --><!-- [et_pb_line_break_holder] --><!-- [et_pb_line_break_holder] --> \t<\/p>\n<li class=\"footer-social-icon\"><a class=\"footer-social-link\" href=\"https:\/\/www.instagram.com\/bioritmefestival\/\" target=\"_blank\" title=\"instagram\" rel=\"noopener noreferrer\"><img decoding=\"async\" class=\"footer-social-image\" src=\"https:\/\/bioritmefestival.org\/wp-content\/uploads\/2017\/11\/instagram-footer-icon.png\" alt=\"icono azul instagram\" title=\"instagram\" target=\"_blank\"><\/a><\/li>\n<p><!-- [et_pb_line_break_holder] --><!-- [et_pb_line_break_holder] --><!-- [et_pb_line_break_holder] --> \t<\/p>\n<li class=\"footer-social-icon\"><a class=\"footer-social-link\" href=\"https:\/\/twitter.com\/FestBioRitme?lang=es\" target=\"_blank\" title=\"twitter\" rel=\"noopener noreferrer\"><img decoding=\"async\" class=\"footer-social-image\" src=\"https:\/\/bioritmefestival.org\/wp-content\/uploads\/2017\/11\/twitter-footer-icon.png\" alt=\"icono azul twitter\" title=\"twitter\" target=\"_blank\"><\/a><\/li>\n<p><!-- [et_pb_line_break_holder] --><!-- [et_pb_line_break_holder] --><!-- [et_pb_line_break_holder] --> \t<\/p>\n<li class=\"footer-social-icon\"><a class=\"footer-social-link\" href=\"https:\/\/www.youtube.com\/user\/FestBioRitmo\" target=\"_blank\" title=\"youtube\" rel=\"noopener noreferrer\"><img decoding=\"async\" class=\"footer-social-image\" src=\"https:\/\/bioritmefestival.org\/wp-content\/uploads\/2017\/11\/youtube-footer-icon.png\" alt=\"icono azul youtube\" title=\"youtube\" target=\"_blank\"><\/a><\/li>\n<p><!-- [et_pb_line_break_holder] --><!-- [et_pb_line_break_holder] --><!-- [et_pb_line_break_holder] --> \t<\/p>\n<li class=\"footer-social-icon\"><a class=\"footer-social-link\" href=\"https:\/\/open.spotify.com\/user\/bioritmefestival\" target=\"_blank\" title=\"spotify\" rel=\"noopener noreferrer\"><img decoding=\"async\" class=\"footer-social-image\" src=\"https:\/\/bioritmefestival.org\/wp-content\/uploads\/2017\/11\/spotify-footer-icon.png\" alt=\"icono azul spotify\" title=\"spotify\" target=\"_blank\"><\/a><\/li>\n<p><!-- [et_pb_line_break_holder] --><!-- [et_pb_line_break_holder] --><!-- [et_pb_line_break_holder] --> \t<\/p>\n<li class=\"footer-social-icon\"><a class=\"footer-social-link\" href=\"http:\/\/bioritme.entradium.com\/es\/site\/botiga-bioritme-festival\/tienda\" target=\"_blank\" title=\"botiga\" rel=\"noopener noreferrer\"><img decoding=\"async\" class=\"footer-social-image\" src=\"https:\/\/bioritmefestival.org\/wp-content\/uploads\/2017\/11\/cart-icon.png\" alt=\"icono azul cart\" title=\"botiga\" target=\"_blank\"><\/a><\/li>\n<p><!-- [et_pb_line_break_holder] --><!-- [et_pb_line_break_holder] --><\/ul>\n<p><!-- [et_pb_line_break_holder] --><!-- [et_pb_line_break_holder] --><!-- [et_pb_line_break_holder] --><\/p>\n<ul class=\"menu-footer\"><!-- [et_pb_line_break_holder] --><!-- [et_pb_line_break_holder] --> \t<\/p>\n<li class=\"footer-menu-item\"><a href=\"https:\/\/bioritmefestival.org\/es\/\" title=\"inicio\"><span class=\"footer-menu-item-txt\">inicio<\/span><\/a><\/li>\n<p><!-- [et_pb_line_break_holder] --><!-- [et_pb_line_break_holder] --><!-- [et_pb_line_break_holder] --> \t<\/p>\n<li class=\"footer-menu-item\"><a href=\"https:\/\/bioritmefestival.org\/es\/informacion\/\" title=\"informaci\u00f3n\"><span class=\"footer-menu-item-txt\">informaci\u00f3n<\/span><\/a><\/li>\n<p><!-- [et_pb_line_break_holder] --><!-- [et_pb_line_break_holder] --><!-- [et_pb_line_break_holder] --> \t<\/p>\n<li class=\"footer-menu-item\"><a href=\"https:\/\/bioritmefestival.org\/programacio\/\" title=\"programaci\u00f3n\"><span class=\"footer-menu-item-txt\">programaci\u00f3n<\/span><\/a><\/li>\n<p><!-- [et_pb_line_break_holder] --><!-- [et_pb_line_break_holder] --><!-- [et_pb_line_break_holder] --> \t<\/p>\n<li class=\"footer-menu-item\"><a href=\"https:\/\/bioritmefestival.org\/es\/ediciones\/\" title=\"ediciones\"><span class=\"footer-menu-item-txt\">ediciones<\/span><\/a><\/li>\n<p><!-- [et_pb_line_break_holder] --><!-- [et_pb_line_break_holder] --><!-- [et_pb_line_break_holder] --> \t<\/p>\n<li class=\"footer-menu-item\"><a href=\"https:\/\/bioritmefestival.org\/es\/voluntarios\/\" title=\"voluntarios\"><span class=\"footer-menu-item-txt\">voluntarios<\/span><\/a><\/li>\n<p><!-- [et_pb_line_break_holder] --><!-- [et_pb_line_break_holder] --><!-- [et_pb_line_break_holder] --> \t<\/p>\n<li class=\"footer-menu-item\"><a href=\"https:\/\/bioritmefestival.org\/es\/contacto\/\" title=\"contacto\"><span class=\"footer-menu-item-txt\">contacto<\/span><\/a><\/li>\n<p><!-- [et_pb_line_break_holder] --><!-- [et_pb_line_break_holder] --><\/ul>\n<p><!-- [et_pb_line_break_holder] --><!-- [et_pb_line_break_holder] --><!-- [et_pb_line_break_holder] --><!-- [et_pb_line_break_holder] --><\/div>\n<p><!-- [et_pb_line_break_holder] --><!-- [et_pb_line_break_holder] --><!-- [et_pb_line_break_holder] --><!-- [et_pb_line_break_holder] --><\/div>\n<p>[\/et_pb_fullwidth_code][\/et_pb_section]<\/p>\n","protected":false},"excerpt":{"rendered":"<p>[et_pb_section fb_built=&#8221;1&#8243; fullwidth=&#8221;on&#8221; _builder_version=&#8221;3.22&#8243; background_color=&#8221;#0c2f51&#8243;][et_pb_fullwidth_image src=&#8221;https:\/\/bioritmefestival.org\/wp-content\/uploads\/2017\/11\/bioritme-entrades-02.jpg&#8221; _builder_version=&#8221;3.0.91&#8243;][\/et_pb_fullwidth_image][\/et_pb_section][et_pb_section fb_built=&#8221;1&#8243; _builder_version=&#8221;3.22&#8243; background_color=&#8221;#0c2f51&#8243;][et_pb_row column_structure=&#8221;1_4,1_4,1_4,1_4&#8243; _builder_version=&#8221;3.25&#8243;][et_pb_column type=&#8221;1_4&#8243; _builder_version=&#8221;3.25&#8243; custom_padding=&#8221;|||&#8221; custom_padding__hover=&#8221;|||&#8221;][et_pb_image src=&#8221;https:\/\/bioritmefestival.org\/wp-content\/uploads\/2017\/10\/bioritme-logo-white-2019.png&#8221; align_tablet=&#8221;center&#8221; align_phone=&#8221;&#8221; align_last_edited=&#8221;on|desktop&#8221; module_class=&#8221;logo-white-head&#8221; _builder_version=&#8221;3.23&#8243; z_index_tablet=&#8221;500&#8243;][\/et_pb_image][\/et_pb_column][et_pb_column type=&#8221;1_4&#8243; _builder_version=&#8221;3.25&#8243; custom_padding=&#8221;|||&#8221; custom_padding__hover=&#8221;|||&#8221;][\/et_pb_column][et_pb_column type=&#8221;1_4&#8243; _builder_version=&#8221;3.25&#8243; custom_padding=&#8221;|||&#8221; custom_padding__hover=&#8221;|||&#8221;][\/et_pb_column][et_pb_column type=&#8221;1_4&#8243; _builder_version=&#8221;3.25&#8243; custom_padding=&#8221;|||&#8221; custom_padding__hover=&#8221;|||&#8221;][\/et_pb_column][\/et_pb_row][\/et_pb_section][et_pb_section fb_built=&#8221;1&#8243; module_id=&#8221;iframe-entrades-container&#8221; _builder_version=&#8221;3.22&#8243; background_color=&#8221;#0c2f51&#8243;][et_pb_row _builder_version=&#8221;3.25&#8243; background_size=&#8221;initial&#8221; background_position=&#8221;top_left&#8221; background_repeat=&#8221;repeat&#8221;][et_pb_column type=&#8221;4_4&#8243; _builder_version=&#8221;3.25&#8243; custom_padding=&#8221;|||&#8221; custom_padding__hover=&#8221;|||&#8221;][et_pb_text _builder_version=&#8221;3.27.4&#8243; z_index_tablet=&#8221;500&#8243;] TICKET TRANSPORTE ILIMITADO [\/et_pb_text][\/et_pb_column][\/et_pb_row][et_pb_row _builder_version=&#8221;3.25&#8243; background_size=&#8221;initial&#8221; [&hellip;]<\/p>\n","protected":false},"author":1,"featured_media":0,"parent":0,"menu_order":0,"comment_status":"closed","ping_status":"closed","template":"","meta":{"_et_pb_use_builder":"on","_et_pb_old_content":"","_et_gb_content_width":"","footnotes":""},"class_list":["post-1350","page","type-page","status-publish","hentry"],"_links":{"self":[{"href":"https:\/\/bioritmefestival.org\/es\/wp-json\/wp\/v2\/pages\/1350\/"}],"collection":[{"href":"https:\/\/bioritmefestival.org\/es\/wp-json\/wp\/v2\/pages\/"}],"about":[{"href":"https:\/\/bioritmefestival.org\/es\/wp-json\/wp\/v2\/types\/page\/"}],"author":[{"embeddable":true,"href":"https:\/\/bioritmefestival.org\/es\/wp-json\/wp\/v2\/users\/1\/"}],"replies":[{"embeddable":true,"href":"https:\/\/bioritmefestival.org\/es\/wp-json\/wp\/v2\/comments\/?post=1350"}],"version-history":[{"count":24,"href":"https:\/\/bioritmefestival.org\/es\/wp-json\/wp\/v2\/pages\/1350\/revisions\/"}],"predecessor-version":[{"id":3471,"href":"https:\/\/bioritmefestival.org\/es\/wp-json\/wp\/v2\/pages\/1350\/revisions\/3471\/"}],"wp:attachment":[{"href":"https:\/\/bioritmefestival.org\/es\/wp-json\/wp\/v2\/media\/?parent=1350"}],"curies":[{"name":"wp","href":"https:\/\/api.w.org\/{rel}","templated":true}]}}